{"id":2379,"date":"2022-05-23T15:23:50","date_gmt":"2022-05-23T15:23:50","guid":{"rendered":"https:\/\/baroniadelmontsant.com\/bodega\/"},"modified":"2022-07-06T16:49:37","modified_gmt":"2022-07-06T16:49:37","slug":"bodega","status":"publish","type":"page","link":"https:\/\/baroniadelmontsant.com\/es\/bodega\/","title":{"rendered":"bodega"},"content":{"rendered":"\t\t<div data-elementor-type=\"wp-page\" data-elementor-id=\"2379\" class=\"elementor elementor-2379 elementor-410\" data-elementor-post-type=\"page\">\n\t\t\t\t\t\t<section class=\"elementor-section elementor-top-section elementor-element elementor-element-f98e854 elementor-section-height-min-height elementor-section-content-middle elementor-section-boxed elementor-section-height-default elementor-section-items-middle\" data-id=\"f98e854\" data-element_type=\"section\" id=\"celler0\" data-settings=\"{&quot;background_background&quot;:&quot;classic&quot;}\">\n\t\t\t\t\t\t\t<div class=\"elementor-background-overlay\"><\/div>\n\t\t\t\t\t\t\t<div class=\"elementor-container elementor-column-gap-default\">\n\t\t\t\t\t<div class=\"elementor-column elementor-col-100 elementor-top-column elementor-element elementor-element-c5e35bc\" data-id=\"c5e35bc\" data-element_type=\"column\">\n\t\t\t<div class=\"elementor-widget-wrap elementor-element-populated\">\n\t\t\t\t\t\t<div class=\"elementor-element elementor-element-973b615 elementor-widget elementor-widget-text-editor\" data-id=\"973b615\" data-element_type=\"widget\" data-widget_type=\"text-editor.default\">\n\t\t\t\t<div class=\"elementor-widget-container\">\n\t\t\t\t\t\t\t\t\t<h1>La Bodega<\/h1>\t\t\t\t\t\t\t\t<\/div>\n\t\t\t\t<\/div>\n\t\t\t\t\t<\/div>\n\t\t<\/div>\n\t\t\t\t\t<\/div>\n\t\t<\/section>\n\t\t\t\t<section class=\"elementor-section elementor-top-section elementor-element elementor-element-458a006 elementor-section-boxed elementor-section-height-default elementor-section-height-default\" data-id=\"458a006\" data-element_type=\"section\" id=\"celler1\">\n\t\t\t\t\t\t<div class=\"elementor-container elementor-column-gap-default\">\n\t\t\t\t\t<div class=\"elementor-column elementor-col-100 elementor-top-column elementor-element elementor-element-127777c\" data-id=\"127777c\" data-element_type=\"column\" data-settings=\"{&quot;background_background&quot;:&quot;classic&quot;}\">\n\t\t\t<div class=\"elementor-widget-wrap elementor-element-populated\">\n\t\t\t\t\t\t<div class=\"elementor-element elementor-element-b8bfb3d elementor-widget elementor-widget-text-editor\" data-id=\"b8bfb3d\" data-element_type=\"widget\" data-widget_type=\"text-editor.default\">\n\t\t\t\t<div class=\"elementor-widget-container\">\n\t\t\t\t\t\t\t\t\t<p>Todo empez\u00f3 en 1998&#8230;<\/p>\t\t\t\t\t\t\t\t<\/div>\n\t\t\t\t<\/div>\n\t\t\t\t<div class=\"elementor-element elementor-element-826836c elementor-widget elementor-widget-text-editor\" data-id=\"826836c\" data-element_type=\"widget\" data-widget_type=\"text-editor.default\">\n\t\t\t\t<div class=\"elementor-widget-container\">\n\t\t\t\t\t\t\t\t\t<p>Cuando dos j\u00f3venes con amplia formaci\u00f3n en enolog\u00eda y larga trayectoria vin\u00edcola, Xavier Canals Parellada y Carles Mac\u00edas G\u00e1llego, nos decidimos por hacer realidad nuestro sue\u00f1o, por la comarca del Priorat: en Cornudella de Montsant. Es precisamente en este enclave y en su historia medieval salpicada de baron\u00edas, donde est\u00e1 nuestra fuente de inspiraci\u00f3n desde el principio y el motivo de nuestro nombre.<\/p><p>Hermosa y abrupta regi\u00f3n con marcado car\u00e1cter, rodeada por evocadores campos de vid y salpicada por peque\u00f1os y encantadores pueblecitos. La comarca nos aparece como un paraje \u00fanico de temerosa belleza y grandes soledades. Soledad de las monta\u00f1as desiertas que le rodean, soledad de los peque\u00f1os pueblos silenciosos. Soledades que son en definitiva una compa\u00f1\u00eda y que no abandonan a quien las intenta evocar, percibir, vivir. No son soledades de melancol\u00eda, sino realidades plet\u00f3ricas de un pasado cargado de historia y de un futuro lleno de proyectos e ilusiones\u201d<\/p><p>Nuestros vinos pronto cogen vuelo internacional, hemos estado presentes en m\u00e1s de 40 pa\u00edses.<\/p><p>Hoy seguimos firmes en nuestros inicios y seguimos construyendo juntos ese sue\u00f1o que naci\u00f3 hace m\u00e1s de 20 a\u00f1os a los pies del Montsant.<\/p><p>En el transcurso de estos a\u00f1os de historia personal, hemos pretendido elaborar vinos de gran calidad, distintos y de producciones muy limitadas. Pensamos y as\u00ed nos avalan los muchos premios y menciones obtenidos en estos a\u00f1os, que hemos conseguido vinos exclusivos y modernos, con t\u00e9cnicas innovadoras de vinificaci\u00f3n.<\/p>\t\t\t\t\t\t\t\t<\/div>\n\t\t\t\t<\/div>\n\t\t\t\t\t<\/div>\n\t\t<\/div>\n\t\t\t\t\t<\/div>\n\t\t<\/section>\n\t\t\t\t<section class=\"elementor-section elementor-top-section elementor-element elementor-element-f852685 elementor-section-height-min-height elementor-section-boxed elementor-section-height-default elementor-section-items-middle\" data-id=\"f852685\" data-element_type=\"section\" data-settings=\"{&quot;background_background&quot;:&quot;classic&quot;,&quot;background_motion_fx_motion_fx_scrolling&quot;:&quot;yes&quot;,&quot;background_motion_fx_devices&quot;:[&quot;widescreen&quot;,&quot;desktop&quot;,&quot;laptop&quot;]}\">\n\t\t\t\t\t\t\t<div class=\"elementor-background-overlay\"><\/div>\n\t\t\t\t\t\t\t<div class=\"elementor-container elementor-column-gap-default\">\n\t\t\t\t\t<div class=\"elementor-column elementor-col-100 elementor-top-column elementor-element elementor-element-8eb5659\" data-id=\"8eb5659\" data-element_type=\"column\" data-settings=\"{&quot;background_motion_fx_devices&quot;:[&quot;desktop&quot;,&quot;tablet&quot;,&quot;mobile&quot;]}\">\n\t\t\t<div class=\"elementor-widget-wrap elementor-element-populated\">\n\t\t\t\t\t\t<div class=\"elementor-element elementor-element-69607f7 elementor-widget elementor-widget-text-editor\" data-id=\"69607f7\" data-element_type=\"widget\" data-widget_type=\"text-editor.default\">\n\t\t\t\t<div class=\"elementor-widget-container\">\n\t\t\t\t\t\t\t\t\t<p>Sentimos pasi\u00f3n por la tierra, pasi\u00f3n por lo que hacemos,<br>cada botella contiene la esencia del Mediterr\u00e1neo <br>y contiene un trocito de nosotros&#8230; <br>deseamos que disfrutes de nuestros vinos.<\/p>\t\t\t\t\t\t\t\t<\/div>\n\t\t\t\t<\/div>\n\t\t\t\t\t<\/div>\n\t\t<\/div>\n\t\t\t\t\t<\/div>\n\t\t<\/section>\n\t\t\t\t<section class=\"elementor-section elementor-top-section elementor-element elementor-element-c9661d9 psection elementor-section-boxed elementor-section-height-default elementor-section-height-default\" data-id=\"c9661d9\" data-element_type=\"section\" id=\"home6\" data-settings=\"{&quot;background_background&quot;:&quot;classic&quot;}\">\n\t\t\t\t\t\t<div class=\"elementor-container elementor-column-gap-default\">\n\t\t\t\t\t<div class=\"elementor-column elementor-col-100 elementor-top-column elementor-element elementor-element-c57f919\" data-id=\"c57f919\" data-element_type=\"column\">\n\t\t\t<div class=\"elementor-widget-wrap elementor-element-populated\">\n\t\t\t\t\t\t<section class=\"elementor-section elementor-inner-section elementor-element elementor-element-0f205a0 elementor-section-content-middle elementor-section-boxed elementor-section-height-default elementor-section-height-default\" data-id=\"0f205a0\" data-element_type=\"section\">\n\t\t\t\t\t\t<div class=\"elementor-container elementor-column-gap-no\">\n\t\t\t\t\t<div class=\"elementor-column elementor-col-50 elementor-inner-column elementor-element elementor-element-80a3809\" data-id=\"80a3809\" data-element_type=\"column\">\n\t\t\t<div class=\"elementor-widget-wrap elementor-element-populated\">\n\t\t\t\t\t\t<div class=\"elementor-element elementor-element-7c524fe elementor-widget elementor-widget-image\" data-id=\"7c524fe\" data-element_type=\"widget\" data-widget_type=\"image.default\">\n\t\t\t\t<div class=\"elementor-widget-container\">\n\t\t\t\t\t\t\t\t\t\t\t\t\t\t\t<img fetchpriority=\"high\" decoding=\"async\" width=\"800\" height=\"800\" src=\"https:\/\/baroniadelmontsant.com\/wp-content\/uploads\/2022\/05\/Xavier-Canals-Baronia-del-Montsant-.jpg\" class=\"attachment-full size-full wp-image-2208\" alt=\"\" srcset=\"https:\/\/baroniadelmontsant.com\/wp-content\/uploads\/2022\/05\/Xavier-Canals-Baronia-del-Montsant-.jpg 800w, https:\/\/baroniadelmontsant.com\/wp-content\/uploads\/2022\/05\/Xavier-Canals-Baronia-del-Montsant--300x300.jpg 300w, https:\/\/baroniadelmontsant.com\/wp-content\/uploads\/2022\/05\/Xavier-Canals-Baronia-del-Montsant--150x150.jpg 150w, https:\/\/baroniadelmontsant.com\/wp-content\/uploads\/2022\/05\/Xavier-Canals-Baronia-del-Montsant--768x768.jpg 768w, https:\/\/baroniadelmontsant.com\/wp-content\/uploads\/2022\/05\/Xavier-Canals-Baronia-del-Montsant--100x100.jpg 100w\" sizes=\"(max-width: 800px) 100vw, 800px\" \/>\t\t\t\t\t\t\t\t\t\t\t\t\t\t\t<\/div>\n\t\t\t\t<\/div>\n\t\t\t\t\t<\/div>\n\t\t<\/div>\n\t\t\t\t<div class=\"elementor-column elementor-col-50 elementor-inner-column elementor-element elementor-element-631a413 coltext\" data-id=\"631a413\" data-element_type=\"column\">\n\t\t\t<div class=\"elementor-widget-wrap elementor-element-populated\">\n\t\t\t\t\t\t<div class=\"elementor-element elementor-element-7767b2d elementor-widget elementor-widget-text-editor\" data-id=\"7767b2d\" data-element_type=\"widget\" data-widget_type=\"text-editor.default\">\n\t\t\t\t<div class=\"elementor-widget-container\">\n\t\t\t\t\t\t\t\t\t<h3>Xavier Canals<\/h3><p>En\u00f3logo apasionado y enamorado de la comarca del Priorat<\/p>\t\t\t\t\t\t\t\t<\/div>\n\t\t\t\t<\/div>\n\t\t\t\t<div class=\"elementor-element elementor-element-85c9ff2 elementor-widget elementor-widget-text-editor\" data-id=\"85c9ff2\" data-element_type=\"widget\" data-widget_type=\"text-editor.default\">\n\t\t\t\t<div class=\"elementor-widget-container\">\n\t\t\t\t\t\t\t\t\t<p><em>Din\u00e1mico, en\u00e9rgico, luchador, y amante del mundo del vino y de la viticultura.<\/em> Es junto con Carles Mac\u00edas, uno de los fundadores e ide\u00f3logos de Bodegas Baronia del Montsant, aunque su vinculaci\u00f3n en el mundo del vino, se remonta desde peque\u00f1o donde empieza a tener los primeros contactos con este mundo de la mano de su padre, tambi\u00e9n dedicado al mundo vin\u00edcola.<\/p><p>Apasionado de su trabajo que ha convertido en un estilo de vida, busca la excelencia en todo lo que hace\u2026 y sus vinos son un claro ejemplo.<\/p>\t\t\t\t\t\t\t\t<\/div>\n\t\t\t\t<\/div>\n\t\t\t\t\t<\/div>\n\t\t<\/div>\n\t\t\t\t\t<\/div>\n\t\t<\/section>\n\t\t\t\t<div class=\"elementor-element elementor-element-0d82f99 elementor-widget elementor-widget-spacer\" data-id=\"0d82f99\" data-element_type=\"widget\" data-widget_type=\"spacer.default\">\n\t\t\t\t<div class=\"elementor-widget-container\">\n\t\t\t\t\t\t\t<div class=\"elementor-spacer\">\n\t\t\t<div class=\"elementor-spacer-inner\"><\/div>\n\t\t<\/div>\n\t\t\t\t\t\t<\/div>\n\t\t\t\t<\/div>\n\t\t\t\t\t<\/div>\n\t\t<\/div>\n\t\t\t\t\t<\/div>\n\t\t<\/section>\n\t\t\t\t<\/div>\n\t\t","protected":false},"excerpt":{"rendered":"<p>La Bodega Todo empez\u00f3 en 1998&#8230; Cuando dos j\u00f3venes con amplia formaci\u00f3n en enolog\u00eda y larga trayectoria vin\u00edcola, Xavier Canals Parellada y Carles Mac\u00edas G\u00e1llego, nos decidimos por hacer realidad nuestro sue\u00f1o, por la comarca del Priorat: en Cornudella de Montsant. Es precisamente en este enclave y en su historia medieval salpicada de baron\u00edas, donde &#8230; <a title=\"bodega\" class=\"read-more\" href=\"https:\/\/baroniadelmontsant.com\/es\/bodega\/\" aria-label=\"Leer m\u00e1s sobre bodega\">Leer m\u00e1s<\/a><\/p>\n","protected":false},"author":1,"featured_media":0,"parent":0,"menu_order":0,"comment_status":"closed","ping_status":"closed","template":"","meta":{"_acf_changed":false,"inline_featured_image":false,"footnotes":""},"class_list":["post-2379","page","type-page","status-publish"],"acf":[],"_links":{"self":[{"href":"https:\/\/baroniadelmontsant.com\/es\/wp-json\/wp\/v2\/pages\/2379","targetHints":{"allow":["GET"]}}],"collection":[{"href":"https:\/\/baroniadelmontsant.com\/es\/wp-json\/wp\/v2\/pages"}],"about":[{"href":"https:\/\/baroniadelmontsant.com\/es\/wp-json\/wp\/v2\/types\/page"}],"author":[{"embeddable":true,"href":"https:\/\/baroniadelmontsant.com\/es\/wp-json\/wp\/v2\/users\/1"}],"replies":[{"embeddable":true,"href":"https:\/\/baroniadelmontsant.com\/es\/wp-json\/wp\/v2\/comments?post=2379"}],"version-history":[{"count":4,"href":"https:\/\/baroniadelmontsant.com\/es\/wp-json\/wp\/v2\/pages\/2379\/revisions"}],"predecessor-version":[{"id":2891,"href":"https:\/\/baroniadelmontsant.com\/es\/wp-json\/wp\/v2\/pages\/2379\/revisions\/2891"}],"wp:attachment":[{"href":"https:\/\/baroniadelmontsant.com\/es\/wp-json\/wp\/v2\/media?parent=2379"}],"curies":[{"name":"wp","href":"https:\/\/api.w.org\/{rel}","templated":true}]}}