{"id":4947,"date":"2023-05-10T14:34:50","date_gmt":"2023-05-10T14:34:50","guid":{"rendered":"https:\/\/baroniadelmontsant.com\/top-ventas\/"},"modified":"2023-05-10T14:40:21","modified_gmt":"2023-05-10T14:40:21","slug":"top-ventas","status":"publish","type":"page","link":"https:\/\/baroniadelmontsant.com\/es\/top-ventas\/","title":{"rendered":"Top ventas"},"content":{"rendered":"\t\t<div data-elementor-type=\"wp-page\" data-elementor-id=\"4947\" class=\"elementor elementor-4947 elementor-4766\" data-elementor-post-type=\"page\">\n\t\t\t\t\t\t<section class=\"elementor-section elementor-top-section elementor-element elementor-element-3a7dfb5 elementor-section-full_width elementor-section-height-min-height elementor-section-content-middle elementor-section-height-default elementor-section-items-middle\" data-id=\"3a7dfb5\" data-element_type=\"section\" id=\"celler0\" data-settings=\"{&quot;background_background&quot;:&quot;classic&quot;}\">\n\t\t\t\t\t\t<div class=\"elementor-container elementor-column-gap-default\">\n\t\t\t\t\t<div class=\"elementor-column elementor-col-100 elementor-top-column elementor-element elementor-element-7b61313\" data-id=\"7b61313\" data-element_type=\"column\">\n\t\t\t<div class=\"elementor-widget-wrap elementor-element-populated\">\n\t\t\t\t\t\t<div class=\"elementor-element elementor-element-ca8c6d1 elementor-widget elementor-widget-text-editor\" data-id=\"ca8c6d1\" data-element_type=\"widget\" data-widget_type=\"text-editor.default\">\n\t\t\t\t<div class=\"elementor-widget-container\">\n\t\t\t\t\t\t\t\t\t<h1>TOP VENTAS<\/h1>\n\t\t\t\t\t\t\t\t<\/div>\n\t\t\t\t<\/div>\n\t\t\t\t\t<\/div>\n\t\t<\/div>\n\t\t\t\t\t<\/div>\n\t\t<\/section>\n\t\t\t\t<section class=\"elementor-section elementor-top-section elementor-element elementor-element-d1fb453 elementor-section-full_width elementor-section-height-default elementor-section-height-default\" data-id=\"d1fb453\" data-element_type=\"section\">\n\t\t\t\t\t\t<div class=\"elementor-container elementor-column-gap-default\">\n\t\t\t\t\t<div class=\"elementor-column elementor-col-100 elementor-top-column elementor-element elementor-element-32b7382\" data-id=\"32b7382\" data-element_type=\"column\">\n\t\t\t<div class=\"elementor-widget-wrap elementor-element-populated\">\n\t\t\t\t\t\t<div class=\"elementor-element elementor-element-7afd6a1 elementor-widget elementor-widget-jet-woo-products\" data-id=\"7afd6a1\" data-element_type=\"widget\" data-settings=\"{&quot;columns&quot;:&quot;4&quot;,&quot;show_quantity&quot;:&quot;yes&quot;}\" data-widget_type=\"jet-woo-products.default\">\n\t\t\t\t<div class=\"elementor-widget-container\">\n\t\t\t\t\t<div class=\"elementor-jet-woo-products jet-woo-builder\"><div class=\"jet-woo-products jet-woo-products--preset-1 col-row  \" data-mobile-hover=\"\" >\n<div class=\"jet-woo-products__item jet-woo-builder-product\" data-product-id=\"2372\">\n\t<div class=\"jet-woo-products__inner-box\"  >\n\t\t\n<div class=\"jet-woo-product-thumbnail\">\n\t\n\t<a href=\"https:\/\/baroniadelmontsant.com\/es\/vinos-magicos\/com-gat-i-gos-seleccion\/\"><img fetchpriority=\"high\" decoding=\"async\" width=\"800\" height=\"1000\" src=\"https:\/\/baroniadelmontsant.com\/wp-content\/uploads\/2022\/04\/Cat-i-gos-seleccio.jpg\" class=\"attachment-woocommerce_single size-woocommerce_single\" alt=\"Cat-i-gos-seleccion\" \/><\/a>\n\t<div class=\"jet-woo-product-img-overlay\"><\/div>\n\n\t\n\t<\/div><h2 class=\"jet-woo-product-title\"><a href=\"https:\/\/baroniadelmontsant.com\/es\/vinos-magicos\/com-gat-i-gos-seleccion\/\">Com gat i gos selecci\u00f3n<\/a><\/h2>\n<div class=\"jet-woo-product-price\">\n\t<span class=\"price\"><span class=\"woocommerce-Price-amount amount\">22.00&nbsp;<span class=\"woocommerce-Price-currencySymbol\">&euro;<\/span><\/span> <small class=\"woocommerce-price-suffix\">iva incl\u00f2s<\/small><\/span>\n<\/div>\n<div class=\"jet-woo-product-button\">\n\t<form action=\"?add-to-cart=2372\" class=\"cart\" method=\"post\" enctype=\"multipart\/form-data\"><div class=\"quantity\">\n\t\t<label class=\"screen-reader-text\" for=\"quantity_69d6a73f4dfa1\">Com gat i gos selecci\u00f3n cantidad<\/label>\n\t<input\n\t\ttype=\"number\"\n\t\t\t\tid=\"quantity_69d6a73f4dfa1\"\n\t\tclass=\"input-text qty text\"\n\t\tname=\"quantity\"\n\t\tvalue=\"1\"\n\t\taria-label=\"Cantidad de productos\"\n\t\t\t\tmin=\"1\"\n\t\tmax=\"\"\n\t\t\t\t\tstep=\"1\"\n\t\t\tplaceholder=\"\"\n\t\t\tinputmode=\"numeric\"\n\t\t\tautocomplete=\"off\"\n\t\t\t\/>\n\t<\/div>\n<button type=\"submit\" class=\"alt button product_type_simple add_to_cart_button ajax_add_to_cart\" data-product_id=\"2372\" data-product_sku=\"\" data-product_url=\"?add-to-cart=2372\" data-quantity=\"1\">A\u00f1adir al carrito<\/button><\/form>\t<span id=\"woocommerce_loop_add_to_cart_link_describedby_2372\" class=\"screen-reader-text\">\n\t\t\t<\/span>\n<\/div>\n<div class=\"jet-woo-products-cqw-wrapper\">\n\t<\/div>\t<\/div>\n\n\t<\/div>\n<div class=\"jet-woo-products__item jet-woo-builder-product\" data-product-id=\"2364\">\n\t<div class=\"jet-woo-products__inner-box\"  >\n\t\t\n<div class=\"jet-woo-product-thumbnail\">\n\t\n\t<a href=\"https:\/\/baroniadelmontsant.com\/es\/vinos-de-autor\/clos-denglora-av14\/\"><img decoding=\"async\" width=\"800\" height=\"1000\" src=\"https:\/\/baroniadelmontsant.com\/wp-content\/uploads\/2022\/03\/clo-denglora-AV14-1.jpg\" class=\"attachment-woocommerce_single size-woocommerce_single\" alt=\"clos-denglora-AV14\" \/><\/a>\n\t<div class=\"jet-woo-product-img-overlay\"><\/div>\n\n\t\n\t<\/div><h2 class=\"jet-woo-product-title\"><a href=\"https:\/\/baroniadelmontsant.com\/es\/vinos-de-autor\/clos-denglora-av14\/\">Clos d&#8217;Englora AV14<\/a><\/h2>\n<div class=\"jet-woo-product-price\">\n\t<span class=\"price\"><span class=\"woocommerce-Price-amount amount\">29.00&nbsp;<span class=\"woocommerce-Price-currencySymbol\">&euro;<\/span><\/span> <small class=\"woocommerce-price-suffix\">iva incl\u00f2s<\/small><\/span>\n<\/div>\n<div class=\"jet-woo-product-button\">\n\t<form action=\"?add-to-cart=2364\" class=\"cart\" method=\"post\" enctype=\"multipart\/form-data\"><div class=\"quantity\">\n\t\t<label class=\"screen-reader-text\" for=\"quantity_69d6a73f5ef35\">Clos d&#039;Englora AV14 cantidad<\/label>\n\t<input\n\t\ttype=\"number\"\n\t\t\t\tid=\"quantity_69d6a73f5ef35\"\n\t\tclass=\"input-text qty text\"\n\t\tname=\"quantity\"\n\t\tvalue=\"1\"\n\t\taria-label=\"Cantidad de productos\"\n\t\t\t\tmin=\"1\"\n\t\tmax=\"\"\n\t\t\t\t\tstep=\"1\"\n\t\t\tplaceholder=\"\"\n\t\t\tinputmode=\"numeric\"\n\t\t\tautocomplete=\"off\"\n\t\t\t\/>\n\t<\/div>\n<button type=\"submit\" class=\"alt button product_type_simple add_to_cart_button ajax_add_to_cart\" data-product_id=\"2364\" data-product_sku=\"\" data-product_url=\"?add-to-cart=2364\" data-quantity=\"1\">A\u00f1adir al carrito<\/button><\/form>\t<span id=\"woocommerce_loop_add_to_cart_link_describedby_2364\" class=\"screen-reader-text\">\n\t\t\t<\/span>\n<\/div>\n<div class=\"jet-woo-products-cqw-wrapper\">\n\t<\/div>\t<\/div>\n\n\t<\/div>\n<div class=\"jet-woo-products__item jet-woo-builder-product\" data-product-id=\"2376\">\n\t<div class=\"jet-woo-products__inner-box\"  >\n\t\t\n<div class=\"jet-woo-product-thumbnail\">\n\t\n\t<a href=\"https:\/\/baroniadelmontsant.com\/es\/regala-enoturismo\/la-gastronomica\/\"><img decoding=\"async\" width=\"800\" height=\"1000\" src=\"https:\/\/baroniadelmontsant.com\/wp-content\/uploads\/2022\/04\/La-gastronomica-Baronia-del-Montsant.webp\" class=\"attachment-woocommerce_single size-woocommerce_single\" alt=\"La-gastronomica-Baronia-del-Montsant\" \/><\/a>\n\t<div class=\"jet-woo-product-img-overlay\"><\/div>\n\n\t\n\t<\/div><h2 class=\"jet-woo-product-title\"><a href=\"https:\/\/baroniadelmontsant.com\/es\/regala-enoturismo\/la-gastronomica\/\">La gastron\u00f3mica<\/a><\/h2>\n<div class=\"jet-woo-product-price\">\n\t<span class=\"price\"><span class=\"woocommerce-Price-amount amount\">44.50&nbsp;<span class=\"woocommerce-Price-currencySymbol\">&euro;<\/span><\/span><\/span>\n<\/div>\n<div class=\"jet-woo-product-button\">\n\t<a href=\"https:\/\/baroniadelmontsant.com\/es\/regala-enoturismo\/la-gastronomica\/\" aria-describedby=\"woocommerce_loop_add_to_cart_link_describedby_2376\" data-quantity=\"1\" class=\"button product_type_variable add_to_cart_button\" data-product_id=\"2376\" data-product_sku=\"\" aria-label=\"Elige las opciones para &ldquo;La gastron\u00f3mica&rdquo;\" rel=\"nofollow\">Escull format<\/a>\t<span id=\"woocommerce_loop_add_to_cart_link_describedby_2376\" class=\"screen-reader-text\">\n\t\tEste producto tiene m\u00faltiples variantes. Las opciones se pueden elegir en la p\u00e1gina de producto\t<\/span>\n<\/div>\n<div class=\"jet-woo-products-cqw-wrapper\">\n\t<\/div>\t<\/div>\n\n\t<\/div>\n<div class=\"jet-woo-products__item jet-woo-builder-product\" data-product-id=\"2375\">\n\t<div class=\"jet-woo-products__inner-box\"  >\n\t\t\n<div class=\"jet-woo-product-thumbnail\">\n\t\n\t<a href=\"https:\/\/baroniadelmontsant.com\/es\/regala-enoturismo\/la-aventura-gastronomica\/\"><img loading=\"lazy\" decoding=\"async\" width=\"800\" height=\"1000\" src=\"https:\/\/baroniadelmontsant.com\/wp-content\/uploads\/2023\/05\/Enoturisme-al-Montsant.webp\" class=\"attachment-woocommerce_single size-woocommerce_single\" alt=\"Enoturisme al Montsant\" \/><\/a>\n\t<div class=\"jet-woo-product-img-overlay\"><\/div>\n\n\t\n\t<\/div><h2 class=\"jet-woo-product-title\"><a href=\"https:\/\/baroniadelmontsant.com\/es\/regala-enoturismo\/la-aventura-gastronomica\/\">La aventura gastron\u00f3mica<\/a><\/h2>\n<div class=\"jet-woo-product-price\">\n\t<span class=\"price\"><span class=\"woocommerce-Price-amount amount\">49.50&nbsp;<span class=\"woocommerce-Price-currencySymbol\">&euro;<\/span><\/span><\/span>\n<\/div>\n<div class=\"jet-woo-product-button\">\n\t<a href=\"https:\/\/baroniadelmontsant.com\/es\/regala-enoturismo\/la-aventura-gastronomica\/\" aria-describedby=\"woocommerce_loop_add_to_cart_link_describedby_2375\" data-quantity=\"1\" class=\"button product_type_variable add_to_cart_button\" data-product_id=\"2375\" data-product_sku=\"\" aria-label=\"Elige las opciones para &ldquo;La aventura gastron\u00f3mica&rdquo;\" rel=\"nofollow\">Escull format<\/a>\t<span id=\"woocommerce_loop_add_to_cart_link_describedby_2375\" class=\"screen-reader-text\">\n\t\tEste producto tiene m\u00faltiples variantes. Las opciones se pueden elegir en la p\u00e1gina de producto\t<\/span>\n<\/div>\n<div class=\"jet-woo-products-cqw-wrapper\">\n\t<\/div>\t<\/div>\n\n\t<\/div><\/div>\n<\/div>\t\t\t\t<\/div>\n\t\t\t\t<\/div>\n\t\t\t\t\t<\/div>\n\t\t<\/div>\n\t\t\t\t\t<\/div>\n\t\t<\/section>\n\t\t\t\t<\/div>\n\t\t","protected":false},"excerpt":{"rendered":"<p>TOP VENTAS Com gat i gos selecci\u00f3 16.00&nbsp;&euro; iva incl\u00f2s quantitat de Com gat i gos selecci\u00f3 Afegeix a la cistella Clos d&#8217;Englora AV14 25.00&nbsp;&euro; iva incl\u00f2s quantitat de Clos d&#039;Englora AV14 Afegeix a la cistella La gastron\u00f2mica 39.50&nbsp;&euro; iva incl\u00f2s quantitat de La gastron\u00f2mica Afegeix a la cistella L&#8217;aventura gastron\u00f2mica 44.50&nbsp;&euro; iva incl\u00f2s quantitat &#8230; <a title=\"Top ventas\" class=\"read-more\" href=\"https:\/\/baroniadelmontsant.com\/es\/top-ventas\/\" aria-label=\"Leer m\u00e1s sobre Top ventas\">Leer m\u00e1s<\/a><\/p>\n","protected":false},"author":1,"featured_media":0,"parent":0,"menu_order":0,"comment_status":"closed","ping_status":"closed","template":"elementor_header_footer","meta":{"_acf_changed":false,"inline_featured_image":false,"footnotes":""},"class_list":["post-4947","page","type-page","status-publish"],"acf":[],"_links":{"self":[{"href":"https:\/\/baroniadelmontsant.com\/es\/wp-json\/wp\/v2\/pages\/4947","targetHints":{"allow":["GET"]}}],"collection":[{"href":"https:\/\/baroniadelmontsant.com\/es\/wp-json\/wp\/v2\/pages"}],"about":[{"href":"https:\/\/baroniadelmontsant.com\/es\/wp-json\/wp\/v2\/types\/page"}],"author":[{"embeddable":true,"href":"https:\/\/baroniadelmontsant.com\/es\/wp-json\/wp\/v2\/users\/1"}],"replies":[{"embeddable":true,"href":"https:\/\/baroniadelmontsant.com\/es\/wp-json\/wp\/v2\/comments?post=4947"}],"version-history":[{"count":2,"href":"https:\/\/baroniadelmontsant.com\/es\/wp-json\/wp\/v2\/pages\/4947\/revisions"}],"predecessor-version":[{"id":4962,"href":"https:\/\/baroniadelmontsant.com\/es\/wp-json\/wp\/v2\/pages\/4947\/revisions\/4962"}],"wp:attachment":[{"href":"https:\/\/baroniadelmontsant.com\/es\/wp-json\/wp\/v2\/media?parent=4947"}],"curies":[{"name":"wp","href":"https:\/\/api.w.org\/{rel}","templated":true}]}}