{"id":10569,"date":"2025-10-22T05:21:15","date_gmt":"2025-10-22T05:21:15","guid":{"rendered":"https:\/\/baroniadelmontsant.com\/?post_type=product&#038;p=10569"},"modified":"2025-10-22T12:12:40","modified_gmt":"2025-10-22T12:12:40","slug":"pack-otono-2","status":"publish","type":"product","link":"https:\/\/baroniadelmontsant.com\/es\/packs-es\/pack-otono-2\/","title":{"rendered":"Pack Oto\u00f1o"},"content":{"rendered":"<p class=\"p1\">El oto\u00f1o ha llegado y es por este motivo que desde Baronia del Montsant le proponemos una selecci\u00f3n de nuestros vinos, un vermut y una botella de aceite a un precio muy especial.<\/p>\n<p class=\"p1\">Un pack exclusivo pensado para disfrutar y hacer m\u00e1s placenteros los d\u00edas de esta maravillosa estaci\u00f3n.<\/p>\n<p class=\"p1\">En el \u201cpack de oto\u00f1o\u201d podr\u00e1 encontrar:<\/p>\n<ul class=\"ul1\">\n<li class=\"li1\"><a href=\"https:\/\/baroniadelmontsant.com\/es\/vinos-de-expresion\/flor-englora-seleccion\/\">1 botella Flor d&#8217;Englora Selecci\u00f3: <\/a>Es uno de nuestros vinos de corta crianza (5 meses) y por su etiqueta, el m\u00e1s oto\u00f1al. Cupaje de Garnacha nera y cari\u00f1ena. Destaca principalmente la fruta roja y fresca con unas ligeras notas de madera. 1 medalla de oro y m\u00e1s de 90 puntos Robert Parker y Gu\u00eda Pe\u00f1\u00edn.<\/li>\n<li class=\"li1\"><a href=\"https:\/\/baroniadelmontsant.com\/es\/vinos-magicos\/com-gat-i-gos-seleccion\/\">1 botella Gat i Gos Selecci\u00f3: <\/a>10 meses de crianza en barricas \u2013 Producci\u00f3n limitada de 4.000 botellas\/a\u00f1o \u2013 1 medalla Gran Oro y m\u00e1s de 90 puntos en la gu\u00eda de vinos de Catalu\u00f1a.<\/li>\n<li class=\"li1\"><a href=\"https:\/\/baroniadelmontsant.com\/es\/vinos-de-autor\/clos-denglora-av14\/\">1 botella AV14: <\/a>Uva procedente de nuestros vi\u00f1edos viejos \u201caged vineyards\u201d y 14 son los meses de permanencia en barrica. Uno de nuestros vinos m\u00e1s premiados 5 medallas de oro en concursos internacionales y + de 90 puntos en los principales cr\u00edticos (Robert Parker, Wine Spectator, Gu\u00eda Pe\u00f1in&#8230;).<\/li>\n<li class=\"li1\">1 botella Dol\u00e7 d&#8217;Englora: Vino dulce natural de crianza. Es el vino m\u00e1s sutil, particular y at\u00edpico de nuestra familia. Hemos pretendido definir mucho el car\u00e1cter de la zona as\u00ed como recuperar, aplicando procesos modernos, los vinos dulces que tan famosa hizo nuestra comarca antes.<\/li>\n<li class=\"li1\"><b>1 botella vermut Dos D\u00e9us negro:<\/b> Se presenta con la imagen de Atenea, la diosa de la sabidur\u00eda y la guerra. Envejecido entre 6 y 12 meses en barricas del Priorat que han contenido vino tinto. Medalla de oro en San Francisco World Spirit Competition, resulta complejo y sofisticado, seduciendo por sus aromas especiados y una sensaci\u00f3n semidulce en la boca.<\/li>\n<li class=\"li1\"><b>1 botella de aceite de oliva virgen extra ecol\u00f3gico:<\/b> Este oro l\u00edquido es un coupage hecho de aceitunas ecol\u00f3gicas provenientes del Priorat, Montsant y Baix Camp. Elaborado sin temperatura, con un m\u00ednimo batido, filtrado y embotellado en una botella de cristal violeta que bloquea el espectro de la luz visible excepto la violeta, a fin de conservar todos los aromas y fragancias. 100% Arbequina.<\/li>\n<\/ul>\n<p class=\"p2\">Pack de edici\u00f3n limitada.<\/p>\n","protected":false},"excerpt":{"rendered":"<p class=\"p1\">El oto\u00f1o ha llegado y es por este motivo que desde Baronia del Montsant le proponemos una selecci\u00f3n de nuestros vinos, un vermut y una botella de aceite a un precio muy especial.<\/p>\n","protected":false},"featured_media":10572,"comment_status":"open","ping_status":"closed","template":"","meta":{"_acf_changed":false,"inline_featured_image":false},"product_cat":[76],"product_tag":[],"class_list":{"0":"post-10569","1":"product","2":"type-product","3":"status-publish","4":"has-post-thumbnail","6":"product_cat-packs-es","8":"first","9":"instock","10":"sale","11":"virtual","12":"taxable","13":"purchasable","14":"product-type-simple"},"acf":[],"_links":{"self":[{"href":"https:\/\/baroniadelmontsant.com\/es\/wp-json\/wp\/v2\/product\/10569","targetHints":{"allow":["GET"]}}],"collection":[{"href":"https:\/\/baroniadelmontsant.com\/es\/wp-json\/wp\/v2\/product"}],"about":[{"href":"https:\/\/baroniadelmontsant.com\/es\/wp-json\/wp\/v2\/types\/product"}],"replies":[{"embeddable":true,"href":"https:\/\/baroniadelmontsant.com\/es\/wp-json\/wp\/v2\/comments?post=10569"}],"version-history":[{"count":3,"href":"https:\/\/baroniadelmontsant.com\/es\/wp-json\/wp\/v2\/product\/10569\/revisions"}],"predecessor-version":[{"id":10607,"href":"https:\/\/baroniadelmontsant.com\/es\/wp-json\/wp\/v2\/product\/10569\/revisions\/10607"}],"wp:featuredmedia":[{"embeddable":true,"href":"https:\/\/baroniadelmontsant.com\/es\/wp-json\/wp\/v2\/media\/10572"}],"wp:attachment":[{"href":"https:\/\/baroniadelmontsant.com\/es\/wp-json\/wp\/v2\/media?parent=10569"}],"wp:term":[{"taxonomy":"product_cat","embeddable":true,"href":"https:\/\/baroniadelmontsant.com\/es\/wp-json\/wp\/v2\/product_cat?post=10569"},{"taxonomy":"product_tag","embeddable":true,"href":"https:\/\/baroniadelmontsant.com\/es\/wp-json\/wp\/v2\/product_tag?post=10569"}],"curies":[{"name":"wp","href":"https:\/\/api.w.org\/{rel}","templated":true}]}}