{"id":2364,"date":"2022-03-29T11:54:59","date_gmt":"2022-05-23T14:38:28","guid":{"rendered":"https:\/\/baroniadelmontsant.com\/sin%20categor\u00eda\/clos-denglora-av14\/"},"modified":"2026-03-06T22:01:24","modified_gmt":"2026-03-06T22:01:24","slug":"clos-denglora-av14","status":"publish","type":"product","link":"https:\/\/baroniadelmontsant.com\/es\/vinos-de-autor\/clos-denglora-av14\/","title":{"rendered":"Clos d&#8217;Englora AV14"},"content":{"rendered":"","protected":false},"excerpt":{"rendered":"<div class=\"page\" title=\"Page 6\">\n<div class=\"section\">\n<div class=\"layoutArea\">\n<div class=\"column\">\n<p>La uva utilizada para la elaboraci\u00f3n procede de vi\u00f1edos viejos \u201caged vineyards\u201d y 14, los meses de permanencia en barrica. El nombre de Clos d&#8217;englora es nuestro peque\u00f1o homenaje a una de las cumbres m\u00e1s emblem\u00e1ticas de la cadena monta\u00f1osa del Montsant, cuyas cumbres se elevan a m\u00e1s de 1000 metros de altura sobre el nivel del mar.<\/p>\n<\/div>\n<\/div>\n<\/div>\n<\/div>\n","protected":false},"featured_media":2681,"comment_status":"open","ping_status":"closed","template":"","meta":{"_acf_changed":false,"inline_featured_image":false},"product_cat":[52],"product_tag":[53],"class_list":{"0":"post-2364","1":"product","2":"type-product","3":"status-publish","4":"has-post-thumbnail","6":"product_cat-vinos-de-autor","7":"product_tag-vino-tinto","9":"first","10":"instock","11":"taxable","12":"shipping-taxable","13":"purchasable","14":"product-type-simple"},"acf":[],"_links":{"self":[{"href":"https:\/\/baroniadelmontsant.com\/es\/wp-json\/wp\/v2\/product\/2364","targetHints":{"allow":["GET"]}}],"collection":[{"href":"https:\/\/baroniadelmontsant.com\/es\/wp-json\/wp\/v2\/product"}],"about":[{"href":"https:\/\/baroniadelmontsant.com\/es\/wp-json\/wp\/v2\/types\/product"}],"replies":[{"embeddable":true,"href":"https:\/\/baroniadelmontsant.com\/es\/wp-json\/wp\/v2\/comments?post=2364"}],"version-history":[{"count":1,"href":"https:\/\/baroniadelmontsant.com\/es\/wp-json\/wp\/v2\/product\/2364\/revisions"}],"predecessor-version":[{"id":2495,"href":"https:\/\/baroniadelmontsant.com\/es\/wp-json\/wp\/v2\/product\/2364\/revisions\/2495"}],"wp:featuredmedia":[{"embeddable":true,"href":"https:\/\/baroniadelmontsant.com\/es\/wp-json\/wp\/v2\/media\/2681"}],"wp:attachment":[{"href":"https:\/\/baroniadelmontsant.com\/es\/wp-json\/wp\/v2\/media?parent=2364"}],"wp:term":[{"taxonomy":"product_cat","embeddable":true,"href":"https:\/\/baroniadelmontsant.com\/es\/wp-json\/wp\/v2\/product_cat?post=2364"},{"taxonomy":"product_tag","embeddable":true,"href":"https:\/\/baroniadelmontsant.com\/es\/wp-json\/wp\/v2\/product_tag?post=2364"}],"curies":[{"name":"wp","href":"https:\/\/api.w.org\/{rel}","templated":true}]}}