{"id":2365,"date":"2022-03-31T14:42:11","date_gmt":"2022-05-23T14:41:08","guid":{"rendered":"https:\/\/baroniadelmontsant.com\/sin%20categor\u00eda\/englora-603-8\/"},"modified":"2026-02-18T10:59:13","modified_gmt":"2026-02-18T10:59:13","slug":"englora-603-8","status":"publish","type":"product","link":"https:\/\/baroniadelmontsant.com\/es\/vinos-de-autor\/englora-603-8\/","title":{"rendered":"Englora 603.8"},"content":{"rendered":"","protected":false},"excerpt":{"rendered":"<div class=\"page\" title=\"Page 6\">\n<div class=\"section\">\n<div class=\"layoutArea\">\n<div class=\"column\">\n<div class=\"page\" title=\"Page 7\">\n<div class=\"section\">\n<div class=\"layoutArea\">\n<div class=\"column\">\n<p>Hemos pretendido con este vino potenciar mucho la fruta de las variedades utilizadas y combinarlo con notas de madera procedentes de su crianza en barrica. El nombre de Englora es nuestro peque\u00f1o homenaje a una de las cimas m\u00e1s emblem\u00e1ticas de la cadena monta\u00f1osa del Montsant, cuyas cumbres se elevan a m\u00e1s de 1000 metros de altura sobre el nivel del mar.<\/p>\n<\/div>\n<\/div>\n<\/div>\n<\/div>\n<\/div>\n<\/div>\n<\/div>\n<\/div>\n","protected":false},"featured_media":2687,"comment_status":"open","ping_status":"closed","template":"","meta":{"_acf_changed":false,"inline_featured_image":false},"product_cat":[52],"product_tag":[],"class_list":{"0":"post-2365","1":"product","2":"type-product","3":"status-publish","4":"has-post-thumbnail","6":"product_cat-vinos-de-autor","8":"first","9":"instock","10":"taxable","11":"shipping-taxable","12":"purchasable","13":"product-type-simple"},"acf":[],"_links":{"self":[{"href":"https:\/\/baroniadelmontsant.com\/es\/wp-json\/wp\/v2\/product\/2365","targetHints":{"allow":["GET"]}}],"collection":[{"href":"https:\/\/baroniadelmontsant.com\/es\/wp-json\/wp\/v2\/product"}],"about":[{"href":"https:\/\/baroniadelmontsant.com\/es\/wp-json\/wp\/v2\/types\/product"}],"replies":[{"embeddable":true,"href":"https:\/\/baroniadelmontsant.com\/es\/wp-json\/wp\/v2\/comments?post=2365"}],"version-history":[{"count":1,"href":"https:\/\/baroniadelmontsant.com\/es\/wp-json\/wp\/v2\/product\/2365\/revisions"}],"predecessor-version":[{"id":2496,"href":"https:\/\/baroniadelmontsant.com\/es\/wp-json\/wp\/v2\/product\/2365\/revisions\/2496"}],"wp:featuredmedia":[{"embeddable":true,"href":"https:\/\/baroniadelmontsant.com\/es\/wp-json\/wp\/v2\/media\/2687"}],"wp:attachment":[{"href":"https:\/\/baroniadelmontsant.com\/es\/wp-json\/wp\/v2\/media?parent=2365"}],"wp:term":[{"taxonomy":"product_cat","embeddable":true,"href":"https:\/\/baroniadelmontsant.com\/es\/wp-json\/wp\/v2\/product_cat?post=2365"},{"taxonomy":"product_tag","embeddable":true,"href":"https:\/\/baroniadelmontsant.com\/es\/wp-json\/wp\/v2\/product_tag?post=2365"}],"curies":[{"name":"wp","href":"https:\/\/api.w.org\/{rel}","templated":true}]}}