{"id":2366,"date":"2022-03-31T15:00:14","date_gmt":"2022-05-23T14:44:11","guid":{"rendered":"https:\/\/baroniadelmontsant.com\/sin%20categor\u00eda\/clos-denglora-blanco\/"},"modified":"2026-02-18T11:02:32","modified_gmt":"2026-02-18T11:02:32","slug":"clos-denglora-blanco","status":"publish","type":"product","link":"https:\/\/baroniadelmontsant.com\/es\/vinos-de-autor\/clos-denglora-blanco\/","title":{"rendered":"Clos d&#8217;Englora blanco"},"content":{"rendered":"","protected":false},"excerpt":{"rendered":"<p>Vino blanco fermentado y criado en barrica de roble franc\u00e9s durante 4 meses.<br \/>\nPara su elaboraci\u00f3n, utilizamos la variedad aut\u00f3ctona de la zona: la Garnacha blanca.<br \/>\nEl nombre de Clos de englora es nuestro peque\u00f1o homenaje a una de las cimas m\u00e1s emblem\u00e1ticas de la cadena monta\u00f1osa del Montsant, cuyas cumbres se elevan a m\u00e1s de 1000 metros de altura sobre el nivel de<\/p>\n","protected":false},"featured_media":2684,"comment_status":"open","ping_status":"closed","template":"","meta":{"_acf_changed":false,"inline_featured_image":false},"product_cat":[52],"product_tag":[],"class_list":{"0":"post-2366","1":"product","2":"type-product","3":"status-publish","4":"has-post-thumbnail","6":"product_cat-vinos-de-autor","8":"first","9":"instock","10":"taxable","11":"shipping-taxable","12":"purchasable","13":"product-type-simple"},"acf":[],"_links":{"self":[{"href":"https:\/\/baroniadelmontsant.com\/es\/wp-json\/wp\/v2\/product\/2366","targetHints":{"allow":["GET"]}}],"collection":[{"href":"https:\/\/baroniadelmontsant.com\/es\/wp-json\/wp\/v2\/product"}],"about":[{"href":"https:\/\/baroniadelmontsant.com\/es\/wp-json\/wp\/v2\/types\/product"}],"replies":[{"embeddable":true,"href":"https:\/\/baroniadelmontsant.com\/es\/wp-json\/wp\/v2\/comments?post=2366"}],"version-history":[{"count":2,"href":"https:\/\/baroniadelmontsant.com\/es\/wp-json\/wp\/v2\/product\/2366\/revisions"}],"predecessor-version":[{"id":11761,"href":"https:\/\/baroniadelmontsant.com\/es\/wp-json\/wp\/v2\/product\/2366\/revisions\/11761"}],"wp:featuredmedia":[{"embeddable":true,"href":"https:\/\/baroniadelmontsant.com\/es\/wp-json\/wp\/v2\/media\/2684"}],"wp:attachment":[{"href":"https:\/\/baroniadelmontsant.com\/es\/wp-json\/wp\/v2\/media?parent=2366"}],"wp:term":[{"taxonomy":"product_cat","embeddable":true,"href":"https:\/\/baroniadelmontsant.com\/es\/wp-json\/wp\/v2\/product_cat?post=2366"},{"taxonomy":"product_tag","embeddable":true,"href":"https:\/\/baroniadelmontsant.com\/es\/wp-json\/wp\/v2\/product_tag?post=2366"}],"curies":[{"name":"wp","href":"https:\/\/api.w.org\/{rel}","templated":true}]}}