{"id":2368,"date":"2022-04-07T07:57:25","date_gmt":"2022-05-23T14:50:24","guid":{"rendered":"https:\/\/baroniadelmontsant.com\/sin%20categor\u00eda\/flor-denglora-seleccion\/"},"modified":"2026-02-18T11:07:36","modified_gmt":"2026-02-18T11:07:36","slug":"flor-englora-seleccion","status":"publish","type":"product","link":"https:\/\/baroniadelmontsant.com\/es\/vinos-de-expresion\/flor-englora-seleccion\/","title":{"rendered":"Flor d&#8217;Englora Selecci\u00f3n"},"content":{"rendered":"","protected":false},"excerpt":{"rendered":"<div class=\"page\" title=\"Page 6\">\n<div class=\"section\">\n<div class=\"layoutArea\">\n<div class=\"column\">\n<div class=\"page\" title=\"Page 11\">\n<div class=\"section\">\n<div class=\"layoutArea\">\n<div class=\"column\">\n<div class=\"page\" title=\"Page 12\">\n<div class=\"section\">\n<div class=\"layoutArea\">\n<div class=\"column\">\n<p>Es uno de nuestros vinos de corta crianza. El objetivo es potenciar mayoritariamente la fruta procedente de las variedades aut\u00f3ctonas Garnacha tinta y Cari\u00f1ena junto con unas ligeras notas de madera procedente de sus meses de crianza en barricas. El nombre de Englora es nuestro peque\u00f1o homenaje a una de las cimas m\u00e1s emblem\u00e1ticas de la cadena monta\u00f1osa del Montsant.<\/p>\n<\/div>\n<\/div>\n<\/div>\n<\/div>\n<\/div>\n<\/div>\n<\/div>\n<\/div>\n<\/div>\n<\/div>\n<\/div>\n<\/div>\n","protected":false},"featured_media":2678,"comment_status":"open","ping_status":"closed","template":"","meta":{"_acf_changed":false,"inline_featured_image":false},"product_cat":[54],"product_tag":[53],"class_list":{"0":"post-2368","1":"product","2":"type-product","3":"status-publish","4":"has-post-thumbnail","6":"product_cat-vinos-de-expresion","7":"product_tag-vino-tinto","9":"first","10":"instock","11":"taxable","12":"shipping-taxable","13":"purchasable","14":"product-type-simple"},"acf":[],"_links":{"self":[{"href":"https:\/\/baroniadelmontsant.com\/es\/wp-json\/wp\/v2\/product\/2368","targetHints":{"allow":["GET"]}}],"collection":[{"href":"https:\/\/baroniadelmontsant.com\/es\/wp-json\/wp\/v2\/product"}],"about":[{"href":"https:\/\/baroniadelmontsant.com\/es\/wp-json\/wp\/v2\/types\/product"}],"replies":[{"embeddable":true,"href":"https:\/\/baroniadelmontsant.com\/es\/wp-json\/wp\/v2\/comments?post=2368"}],"version-history":[{"count":1,"href":"https:\/\/baroniadelmontsant.com\/es\/wp-json\/wp\/v2\/product\/2368\/revisions"}],"predecessor-version":[{"id":2499,"href":"https:\/\/baroniadelmontsant.com\/es\/wp-json\/wp\/v2\/product\/2368\/revisions\/2499"}],"wp:featuredmedia":[{"embeddable":true,"href":"https:\/\/baroniadelmontsant.com\/es\/wp-json\/wp\/v2\/media\/2678"}],"wp:attachment":[{"href":"https:\/\/baroniadelmontsant.com\/es\/wp-json\/wp\/v2\/media?parent=2368"}],"wp:term":[{"taxonomy":"product_cat","embeddable":true,"href":"https:\/\/baroniadelmontsant.com\/es\/wp-json\/wp\/v2\/product_cat?post=2368"},{"taxonomy":"product_tag","embeddable":true,"href":"https:\/\/baroniadelmontsant.com\/es\/wp-json\/wp\/v2\/product_tag?post=2368"}],"curies":[{"name":"wp","href":"https:\/\/api.w.org\/{rel}","templated":true}]}}