{"id":2369,"date":"2022-04-07T08:03:08","date_gmt":"2022-05-23T14:53:52","guid":{"rendered":"https:\/\/baroniadelmontsant.com\/sin%20categor\u00eda\/com-gat-i-gos\/"},"modified":"2026-02-18T11:08:36","modified_gmt":"2026-02-18T11:08:36","slug":"com-gat-i-gos","status":"publish","type":"product","link":"https:\/\/baroniadelmontsant.com\/es\/vinos-magicos\/com-gat-i-gos\/","title":{"rendered":"Com gat i gos"},"content":{"rendered":"","protected":false},"excerpt":{"rendered":"<p>Ni que decir tiene que es el vino m\u00e1s divertido y desenfadado de nuestra familia. Pretendemos potenciar las variedades de la zona para que sean las protago- nistas en esta elaboraci\u00f3n. Un vino hecho a partir de garnachas y cari\u00f1enas que no le dejar\u00e1 indiferente. \u00a1Fresco, afrutado y con una ligera estructura que hacen del vino toda una delicia!<\/p>\n","protected":false},"featured_media":4489,"comment_status":"open","ping_status":"closed","template":"","meta":{"_acf_changed":false,"inline_featured_image":false},"product_cat":[55],"product_tag":[53],"class_list":{"0":"post-2369","1":"product","2":"type-product","3":"status-publish","4":"has-post-thumbnail","6":"product_cat-vinos-magicos","7":"product_tag-vino-tinto","9":"first","10":"instock","11":"taxable","12":"shipping-taxable","13":"purchasable","14":"product-type-simple"},"acf":[],"_links":{"self":[{"href":"https:\/\/baroniadelmontsant.com\/es\/wp-json\/wp\/v2\/product\/2369","targetHints":{"allow":["GET"]}}],"collection":[{"href":"https:\/\/baroniadelmontsant.com\/es\/wp-json\/wp\/v2\/product"}],"about":[{"href":"https:\/\/baroniadelmontsant.com\/es\/wp-json\/wp\/v2\/types\/product"}],"replies":[{"embeddable":true,"href":"https:\/\/baroniadelmontsant.com\/es\/wp-json\/wp\/v2\/comments?post=2369"}],"version-history":[{"count":1,"href":"https:\/\/baroniadelmontsant.com\/es\/wp-json\/wp\/v2\/product\/2369\/revisions"}],"predecessor-version":[{"id":2500,"href":"https:\/\/baroniadelmontsant.com\/es\/wp-json\/wp\/v2\/product\/2369\/revisions\/2500"}],"wp:featuredmedia":[{"embeddable":true,"href":"https:\/\/baroniadelmontsant.com\/es\/wp-json\/wp\/v2\/media\/4489"}],"wp:attachment":[{"href":"https:\/\/baroniadelmontsant.com\/es\/wp-json\/wp\/v2\/media?parent=2369"}],"wp:term":[{"taxonomy":"product_cat","embeddable":true,"href":"https:\/\/baroniadelmontsant.com\/es\/wp-json\/wp\/v2\/product_cat?post=2369"},{"taxonomy":"product_tag","embeddable":true,"href":"https:\/\/baroniadelmontsant.com\/es\/wp-json\/wp\/v2\/product_tag?post=2369"}],"curies":[{"name":"wp","href":"https:\/\/api.w.org\/{rel}","templated":true}]}}