{"id":2371,"date":"2022-04-07T08:25:32","date_gmt":"2022-05-23T14:59:14","guid":{"rendered":"https:\/\/baroniadelmontsant.com\/sin%20categor\u00eda\/el-peix-que-es-mossega-la-cua\/"},"modified":"2026-02-18T11:10:28","modified_gmt":"2026-02-18T11:10:28","slug":"el-peix-que-es-mossega-la-cua","status":"publish","type":"product","link":"https:\/\/baroniadelmontsant.com\/es\/vinos-magicos\/el-peix-que-es-mossega-la-cua\/","title":{"rendered":"El peix que es mossega la cua"},"content":{"rendered":"","protected":false},"excerpt":{"rendered":"<p><span class=\"fraseproducto\">El inicio y el final, donde todo comienza y todo acaba, donde todo est\u00e1 por hacer y todo es posible. Y es all\u00ed, bajo el mar, donde todo empez\u00f3. A los pies de una de las monta\u00f1as m\u00e1s emblem\u00e1ticas de nuestra tierra: el Montsant. Hace millones de a\u00f1os la precipitaci\u00f3n del carbonato de calcio en el fondo marino fue formando la majestuosidad de los conglomerados del Montsant. Placas tect\u00f3nicas que un d\u00eda, fruto de los movimientos y la energ\u00eda de nuestro planeta, resurgieron para regalarnos nuestra querida cordillera.<\/span><\/p>\n<p>El peix que es mossega la cua es un vino tinto redondo, con car\u00e1cter, un vino mediterr\u00e1neo que recoge lo mejor de nuestra casa. Garnacha tinta, Cari\u00f1ena y Sirah, variedades aut\u00f3ctonas de Catalu\u00f1a que nos transportar\u00e1n al fondo del mar donde el silencio y la calma reinan en sus rincones.<\/p>\n","protected":false},"featured_media":2675,"comment_status":"open","ping_status":"closed","template":"","meta":{"_acf_changed":false,"inline_featured_image":false},"product_cat":[55],"product_tag":[57],"class_list":{"0":"post-2371","1":"product","2":"type-product","3":"status-publish","4":"has-post-thumbnail","6":"product_cat-vinos-magicos","7":"product_tag-vino-rosado","9":"first","10":"instock","11":"taxable","12":"shipping-taxable","13":"purchasable","14":"product-type-simple"},"acf":[],"_links":{"self":[{"href":"https:\/\/baroniadelmontsant.com\/es\/wp-json\/wp\/v2\/product\/2371","targetHints":{"allow":["GET"]}}],"collection":[{"href":"https:\/\/baroniadelmontsant.com\/es\/wp-json\/wp\/v2\/product"}],"about":[{"href":"https:\/\/baroniadelmontsant.com\/es\/wp-json\/wp\/v2\/types\/product"}],"replies":[{"embeddable":true,"href":"https:\/\/baroniadelmontsant.com\/es\/wp-json\/wp\/v2\/comments?post=2371"}],"version-history":[{"count":3,"href":"https:\/\/baroniadelmontsant.com\/es\/wp-json\/wp\/v2\/product\/2371\/revisions"}],"predecessor-version":[{"id":3060,"href":"https:\/\/baroniadelmontsant.com\/es\/wp-json\/wp\/v2\/product\/2371\/revisions\/3060"}],"wp:featuredmedia":[{"embeddable":true,"href":"https:\/\/baroniadelmontsant.com\/es\/wp-json\/wp\/v2\/media\/2675"}],"wp:attachment":[{"href":"https:\/\/baroniadelmontsant.com\/es\/wp-json\/wp\/v2\/media?parent=2371"}],"wp:term":[{"taxonomy":"product_cat","embeddable":true,"href":"https:\/\/baroniadelmontsant.com\/es\/wp-json\/wp\/v2\/product_cat?post=2371"},{"taxonomy":"product_tag","embeddable":true,"href":"https:\/\/baroniadelmontsant.com\/es\/wp-json\/wp\/v2\/product_tag?post=2371"}],"curies":[{"name":"wp","href":"https:\/\/api.w.org\/{rel}","templated":true}]}}