{"id":2372,"date":"2022-04-07T08:36:07","date_gmt":"2022-05-23T15:02:05","guid":{"rendered":"https:\/\/baroniadelmontsant.com\/sin%20categor\u00eda\/com-gat-i-gos-seleccion\/"},"modified":"2026-03-29T06:19:58","modified_gmt":"2026-03-29T06:19:58","slug":"com-gat-i-gos-seleccion","status":"publish","type":"product","link":"https:\/\/baroniadelmontsant.com\/es\/vinos-magicos\/com-gat-i-gos-seleccion\/","title":{"rendered":"Com gat i gos selecci\u00f3n"},"content":{"rendered":"","protected":false},"excerpt":{"rendered":"<p><span class=\"fraseproducto\">&#8220;Vet Aqu\u00ed un gat, vet aqu\u00ed un gos i aquesta ampolla de vi ja s&#8217;ha fos.&#8221;<\/span><\/p>\n<p>Un vino tinto M\u00c1GICO, del que se han elaborado \u00fanica y exclusivamente 4434 botellas en botella borgo\u00f1esa, con 10 meses de crianza en barricas de roble de diferentes or\u00edgenes y tostados. Un vino fresco y goloso, donde destacan las notas a fresa, mora y especias.<\/p>\n","protected":false},"featured_media":983,"comment_status":"open","ping_status":"closed","template":"","meta":{"_acf_changed":false,"inline_featured_image":false},"product_cat":[55],"product_tag":[53],"class_list":{"0":"post-2372","1":"product","2":"type-product","3":"status-publish","4":"has-post-thumbnail","6":"product_cat-vinos-magicos","7":"product_tag-vino-tinto","9":"first","10":"instock","11":"taxable","12":"shipping-taxable","13":"purchasable","14":"product-type-simple"},"acf":[],"_links":{"self":[{"href":"https:\/\/baroniadelmontsant.com\/es\/wp-json\/wp\/v2\/product\/2372","targetHints":{"allow":["GET"]}}],"collection":[{"href":"https:\/\/baroniadelmontsant.com\/es\/wp-json\/wp\/v2\/product"}],"about":[{"href":"https:\/\/baroniadelmontsant.com\/es\/wp-json\/wp\/v2\/types\/product"}],"replies":[{"embeddable":true,"href":"https:\/\/baroniadelmontsant.com\/es\/wp-json\/wp\/v2\/comments?post=2372"}],"version-history":[{"count":2,"href":"https:\/\/baroniadelmontsant.com\/es\/wp-json\/wp\/v2\/product\/2372\/revisions"}],"predecessor-version":[{"id":5073,"href":"https:\/\/baroniadelmontsant.com\/es\/wp-json\/wp\/v2\/product\/2372\/revisions\/5073"}],"wp:featuredmedia":[{"embeddable":true,"href":"https:\/\/baroniadelmontsant.com\/es\/wp-json\/wp\/v2\/media\/983"}],"wp:attachment":[{"href":"https:\/\/baroniadelmontsant.com\/es\/wp-json\/wp\/v2\/media?parent=2372"}],"wp:term":[{"taxonomy":"product_cat","embeddable":true,"href":"https:\/\/baroniadelmontsant.com\/es\/wp-json\/wp\/v2\/product_cat?post=2372"},{"taxonomy":"product_tag","embeddable":true,"href":"https:\/\/baroniadelmontsant.com\/es\/wp-json\/wp\/v2\/product_tag?post=2372"}],"curies":[{"name":"wp","href":"https:\/\/api.w.org\/{rel}","templated":true}]}}