{"id":2374,"date":"2022-04-13T15:43:11","date_gmt":"2022-05-23T15:07:48","guid":{"rendered":"https:\/\/baroniadelmontsant.com\/sin%20categor\u00eda\/la-aventura\/"},"modified":"2025-06-04T11:21:36","modified_gmt":"2025-06-04T11:21:36","slug":"aventura","status":"publish","type":"product","link":"https:\/\/baroniadelmontsant.com\/es\/regala-enoturismo\/aventura\/","title":{"rendered":"La aventura"},"content":{"rendered":"","protected":false},"excerpt":{"rendered":"<h2>Vive la aventura de viajar en un 4\u00d74 de los a\u00f1os 70 que te llevar\u00e1 hasta nuestros vi\u00f1edos viejos a los pies del Montsant<\/h2>\n<p>Nuestra actividad estrella.<\/p>\n<p>Una vez realizado el viaje entre vi\u00f1edos con 4\u00d74, seguiremos con una visita al Celler, conociendo el proceso de nuestros vinos y descubriendo lo que los hace \u00fanicos.<\/p>\n<p>Acabando con una cata guiada por un especialista y un aperitivo de productos de nuestra tierra. Sentir\u00e1s las notas de nuestros vi\u00f1edos en cada uno de ellos, te adentrar\u00e1s en un mundo de aromas para identificar sabores sutiles y conocer\u00e1s a trav\u00e9s de ellos la historia de nuestro terroir.<\/p>\n<p>Del origen al final, de las ra\u00edces en la botella, una visita que engloba todo el proceso.<\/p>\n","protected":false},"featured_media":4946,"comment_status":"open","ping_status":"closed","template":"","meta":{"_acf_changed":false,"inline_featured_image":false},"product_cat":[58],"product_tag":[],"class_list":{"0":"post-2374","1":"product","2":"type-product","3":"status-publish","4":"has-post-thumbnail","6":"product_cat-regala-enoturismo","8":"first","9":"instock","10":"taxable","11":"shipping-taxable","12":"purchasable","13":"product-type-variable"},"acf":[],"_links":{"self":[{"href":"https:\/\/baroniadelmontsant.com\/es\/wp-json\/wp\/v2\/product\/2374","targetHints":{"allow":["GET"]}}],"collection":[{"href":"https:\/\/baroniadelmontsant.com\/es\/wp-json\/wp\/v2\/product"}],"about":[{"href":"https:\/\/baroniadelmontsant.com\/es\/wp-json\/wp\/v2\/types\/product"}],"replies":[{"embeddable":true,"href":"https:\/\/baroniadelmontsant.com\/es\/wp-json\/wp\/v2\/comments?post=2374"}],"version-history":[{"count":1,"href":"https:\/\/baroniadelmontsant.com\/es\/wp-json\/wp\/v2\/product\/2374\/revisions"}],"predecessor-version":[{"id":3592,"href":"https:\/\/baroniadelmontsant.com\/es\/wp-json\/wp\/v2\/product\/2374\/revisions\/3592"}],"wp:featuredmedia":[{"embeddable":true,"href":"https:\/\/baroniadelmontsant.com\/es\/wp-json\/wp\/v2\/media\/4946"}],"wp:attachment":[{"href":"https:\/\/baroniadelmontsant.com\/es\/wp-json\/wp\/v2\/media?parent=2374"}],"wp:term":[{"taxonomy":"product_cat","embeddable":true,"href":"https:\/\/baroniadelmontsant.com\/es\/wp-json\/wp\/v2\/product_cat?post=2374"},{"taxonomy":"product_tag","embeddable":true,"href":"https:\/\/baroniadelmontsant.com\/es\/wp-json\/wp\/v2\/product_tag?post=2374"}],"curies":[{"name":"wp","href":"https:\/\/api.w.org\/{rel}","templated":true}]}}