{"id":2375,"date":"2022-04-21T14:24:05","date_gmt":"2022-05-23T15:09:58","guid":{"rendered":"https:\/\/baroniadelmontsant.com\/sin%20categor\u00eda\/la-aventura-gastronomica\/"},"modified":"2025-06-04T11:22:55","modified_gmt":"2025-06-04T11:22:55","slug":"la-aventura-gastronomica","status":"publish","type":"product","link":"https:\/\/baroniadelmontsant.com\/es\/regala-enoturismo\/la-aventura-gastronomica\/","title":{"rendered":"La aventura gastron\u00f3mica"},"content":{"rendered":"","protected":false},"excerpt":{"rendered":"<h2>Cocina tradicional catalana, trabajada con el aceite de oliva que adereza nuestra regi\u00f3n y acompa\u00f1ado del vino de nuestra tierra.<\/h2>\n<p>Nuestra actividad estrella.<\/p>\n<p>Una vez realizado el viaje entre vi\u00f1edos con 4\u00d74, seguiremos con una visita al Celler, conociendo el proceso de nuestros vinos y descubriendo lo que los hace \u00fanicos.<\/p>\n<p>Acabando con una cata guiada por un especialista y un aperitivo de productos de nuestra tierra. Sentir\u00e1s las notas de nuestros vi\u00f1edos en cada uno de ellos, te adentrar\u00e1s en un mundo de aromas para identificar sabores sutiles y conocer\u00e1s a trav\u00e9s de ellos la historia de nuestro terroir.<\/p>\n<p>Del origen al final, de las ra\u00edces en la botella, una visita que engloba todo el proceso.<\/p>\n<p>Una vez realizada la visita, termina la ma\u00f1ana con una comida en la Fonda el Rec\u00f3, una de las fondas m\u00e1s antiguas de Catalu\u00f1a, ubicada en la plaza de nuestro pueblo, Cornudella del Montsant. La tradici\u00f3n y la modernidad en un men\u00fa especial con productos de temporada maridadas con nuestros vinos de autor, toda una experiencia gastron\u00f3mica.<\/p>\n","protected":false},"featured_media":4946,"comment_status":"open","ping_status":"closed","template":"","meta":{"_acf_changed":false,"inline_featured_image":false},"product_cat":[58],"product_tag":[],"class_list":{"0":"post-2375","1":"product","2":"type-product","3":"status-publish","4":"has-post-thumbnail","6":"product_cat-regala-enoturismo","8":"first","9":"instock","10":"taxable","11":"shipping-taxable","12":"purchasable","13":"product-type-variable"},"acf":[],"_links":{"self":[{"href":"https:\/\/baroniadelmontsant.com\/es\/wp-json\/wp\/v2\/product\/2375","targetHints":{"allow":["GET"]}}],"collection":[{"href":"https:\/\/baroniadelmontsant.com\/es\/wp-json\/wp\/v2\/product"}],"about":[{"href":"https:\/\/baroniadelmontsant.com\/es\/wp-json\/wp\/v2\/types\/product"}],"replies":[{"embeddable":true,"href":"https:\/\/baroniadelmontsant.com\/es\/wp-json\/wp\/v2\/comments?post=2375"}],"version-history":[{"count":2,"href":"https:\/\/baroniadelmontsant.com\/es\/wp-json\/wp\/v2\/product\/2375\/revisions"}],"predecessor-version":[{"id":5584,"href":"https:\/\/baroniadelmontsant.com\/es\/wp-json\/wp\/v2\/product\/2375\/revisions\/5584"}],"wp:featuredmedia":[{"embeddable":true,"href":"https:\/\/baroniadelmontsant.com\/es\/wp-json\/wp\/v2\/media\/4946"}],"wp:attachment":[{"href":"https:\/\/baroniadelmontsant.com\/es\/wp-json\/wp\/v2\/media?parent=2375"}],"wp:term":[{"taxonomy":"product_cat","embeddable":true,"href":"https:\/\/baroniadelmontsant.com\/es\/wp-json\/wp\/v2\/product_cat?post=2375"},{"taxonomy":"product_tag","embeddable":true,"href":"https:\/\/baroniadelmontsant.com\/es\/wp-json\/wp\/v2\/product_tag?post=2375"}],"curies":[{"name":"wp","href":"https:\/\/api.w.org\/{rel}","templated":true}]}}