{"id":2376,"date":"2022-04-21T14:35:49","date_gmt":"2022-05-23T15:11:21","guid":{"rendered":"https:\/\/baroniadelmontsant.com\/sin%20categor\u00eda\/la-gastronomica\/"},"modified":"2026-03-11T10:38:09","modified_gmt":"2026-03-11T10:38:09","slug":"la-gastronomica","status":"publish","type":"product","link":"https:\/\/baroniadelmontsant.com\/es\/regala-enoturismo\/la-gastronomica\/","title":{"rendered":"La gastron\u00f3mica"},"content":{"rendered":"","protected":false},"excerpt":{"rendered":"<h2>Cocina tradicional catalana, trabajada con el aceite de oliva que adereza nuestra regi\u00f3n y acompa\u00f1ado del vino de nuestra tierra.<\/h2>\n<p>Visita a nuestra bodega a los pies del Montsant y descubre el proceso de elaboraci\u00f3n de nuestros vinos, del origen a la botella.<\/p>\n<p>Comprende lo que hace especial cada uno de nuestros vinos y termina la visita haciendo una cata guiada por un especialista de nuestros mejores vinos acompa\u00f1ado de productos de nuestra tierra. Sentir\u00e1s las notas de nuestros vi\u00f1edos en cada uno de ellos, te adentrar\u00e1s en un mundo de aromas para identificar sabores sutiles y conocer\u00e1s a trav\u00e9s de ellos la historia de nuestro terroir.<\/p>\n<p>Una vez realizada la visita, termina la ma\u00f1ana con una comida en la Fonda el Rec\u00f3, una de las fondas m\u00e1s antiguas de Catalu\u00f1a ubicada en la plaza de nuestro pueblo, Cornudella del Montsant. La tradici\u00f3n y la modernidad en un men\u00fa especial con productos de temporada maridadas con nuestros vinos de autor, toda una experiencia gastron\u00f3mica.<\/p>\n","protected":false},"featured_media":4979,"comment_status":"open","ping_status":"closed","template":"","meta":{"_acf_changed":false,"inline_featured_image":false},"product_cat":[58],"product_tag":[],"class_list":{"0":"post-2376","1":"product","2":"type-product","3":"status-publish","4":"has-post-thumbnail","6":"product_cat-regala-enoturismo","8":"first","9":"instock","10":"taxable","11":"shipping-taxable","12":"purchasable","13":"product-type-variable"},"acf":[],"_links":{"self":[{"href":"https:\/\/baroniadelmontsant.com\/es\/wp-json\/wp\/v2\/product\/2376","targetHints":{"allow":["GET"]}}],"collection":[{"href":"https:\/\/baroniadelmontsant.com\/es\/wp-json\/wp\/v2\/product"}],"about":[{"href":"https:\/\/baroniadelmontsant.com\/es\/wp-json\/wp\/v2\/types\/product"}],"replies":[{"embeddable":true,"href":"https:\/\/baroniadelmontsant.com\/es\/wp-json\/wp\/v2\/comments?post=2376"}],"version-history":[{"count":2,"href":"https:\/\/baroniadelmontsant.com\/es\/wp-json\/wp\/v2\/product\/2376\/revisions"}],"predecessor-version":[{"id":5585,"href":"https:\/\/baroniadelmontsant.com\/es\/wp-json\/wp\/v2\/product\/2376\/revisions\/5585"}],"wp:featuredmedia":[{"embeddable":true,"href":"https:\/\/baroniadelmontsant.com\/es\/wp-json\/wp\/v2\/media\/4979"}],"wp:attachment":[{"href":"https:\/\/baroniadelmontsant.com\/es\/wp-json\/wp\/v2\/media?parent=2376"}],"wp:term":[{"taxonomy":"product_cat","embeddable":true,"href":"https:\/\/baroniadelmontsant.com\/es\/wp-json\/wp\/v2\/product_cat?post=2376"},{"taxonomy":"product_tag","embeddable":true,"href":"https:\/\/baroniadelmontsant.com\/es\/wp-json\/wp\/v2\/product_tag?post=2376"}],"curies":[{"name":"wp","href":"https:\/\/api.w.org\/{rel}","templated":true}]}}