{"id":5251,"date":"2023-06-15T13:41:06","date_gmt":"2023-06-16T07:51:58","guid":{"rendered":"https:\/\/baroniadelmontsant.com\/sin%20categor\u00eda\/pack-verano\/"},"modified":"2026-02-18T11:12:00","modified_gmt":"2026-02-18T11:12:00","slug":"pack-verano","status":"publish","type":"product","link":"https:\/\/baroniadelmontsant.com\/es\/packs-es\/pack-verano\/","title":{"rendered":"Pack verano"},"content":{"rendered":"<p>Un pack exclusivo pensado para ayudarle a pasar el calor de estos meses as\u00ed como para acompa\u00f1arte en cenas con pareja, familia y amigos que tan deseados son en estas fechas.<\/p>\n<p>En el \u201c<strong>pack verano<\/strong>\u201d encontrar\u00e1s:<\/p>\n<ul>\n<li><a href=\"https:\/\/baroniadelmontsant.com\/es\/vinos-magicos\/com-gat-i-gos-blanco\/\"><strong>1 botella del Com Gat i Gos blanco<\/strong><\/a> con la nueva presentaci\u00f3n hecha por la ilustradora Montse Bernaus de Crealia. Es un vino 100% garnacha blanca que resulta muy floral, afrutado y fresco tanto en nariz como en boca.<\/li>\n<li><a href=\"https:\/\/baroniadelmontsant.com\/es\/vinos-de-autor\/clos-denglora-blanco\/\"><strong>1 botella del Clos de englora blanco crianza:<\/strong><\/a> un vino blanco de elaboraci\u00f3n muy limitada (1700 botellas\/a\u00f1o) procedente de vi\u00f1edos viejos de Garnacha blanca. Vino floral con unas ligeras notas de vainilla y especias procedente de su fermentaci\u00f3n parcial en barrica y posterior crianza de 4 meses.<\/li>\n<li><a href=\"https:\/\/baroniadelmontsant.com\/es\/vinos-magicos\/com-gat-i-gos\/\"><strong>1 botella del Com gat i Gos negro<\/strong><\/a> con la nueva presentaci\u00f3n hecha por la ilustradora Montse Bernaus de Crealia. Coupage de Garnacha tinta y cari\u00f1ena procedentes de la zona norte de la comarca. Vino fresco, desenfadado y floral en el que destaca principalmente la fruta roja con unas ligeras notas de madera procedente de su crianza de 4 meses. Entre su palmar\u00e9s destaca el premio: Vinari d\u00b4or.<\/li>\n<li><a href=\"https:\/\/baroniadelmontsant.com\/es\/vinos-de-expresion\/cims\/\"><strong>1 botella de Cims:<\/strong><\/a> uno de los vinos m\u00e1s premiados de la zona con 6 medallas de oro en concursos internacionales y m\u00e1s de 90 puntos en los principales prescriptores Vino untuoso en el que destaca a partes iguales la fruta negra y roja as\u00ed como notas especiadas y bals\u00e1micas. 6 meses de crianza en barrica.<\/li>\n<li><a href=\"#\"><strong>1 botella vermut Dos D\u00e9us negro:<\/strong><\/a> se presenta con la imagen de la diosa Atenea, diosa de la sabidur\u00eda. Envejecido en botas centenarias del Priorat. Complejo y sofisticado. Premio al mejor vermut negro de 2022.<\/li>\n<li><a href=\"#\"><strong>1 botella de vermut Dos D\u00e9us blanco<\/strong><\/a>, se presenta con la imagen de Poseid\u00f3n, el Dios del mar. Fusi\u00f3n de aromas t\u00edpicos del Mediterr\u00e1neo.<\/li>\n<\/ul>\n<p>Este pack estar\u00e1 disponible s\u00f3lo durante los meses de verano. \u00a1No te quedes sin \u00e9l!<\/p>\n","protected":false},"excerpt":{"rendered":"<p>Ya tenemos el verano entre nosotros y es por este motivo que desde Baronia del Montsant le proponemos una selecci\u00f3n de nuestros vinos m\u00e1s frescos y vermuts a un precio muy especial.<\/p>\n","protected":false},"featured_media":5148,"comment_status":"open","ping_status":"closed","template":"","meta":{"_acf_changed":false,"inline_featured_image":false},"product_cat":[76],"product_tag":[],"class_list":{"0":"post-5251","1":"product","2":"type-product","3":"status-publish","4":"has-post-thumbnail","6":"product_cat-packs-es","8":"first","9":"instock","10":"sale","11":"taxable","12":"shipping-taxable","13":"purchasable","14":"product-type-simple"},"acf":[],"_links":{"self":[{"href":"https:\/\/baroniadelmontsant.com\/es\/wp-json\/wp\/v2\/product\/5251","targetHints":{"allow":["GET"]}}],"collection":[{"href":"https:\/\/baroniadelmontsant.com\/es\/wp-json\/wp\/v2\/product"}],"about":[{"href":"https:\/\/baroniadelmontsant.com\/es\/wp-json\/wp\/v2\/types\/product"}],"replies":[{"embeddable":true,"href":"https:\/\/baroniadelmontsant.com\/es\/wp-json\/wp\/v2\/comments?post=5251"}],"version-history":[{"count":1,"href":"https:\/\/baroniadelmontsant.com\/es\/wp-json\/wp\/v2\/product\/5251\/revisions"}],"predecessor-version":[{"id":5252,"href":"https:\/\/baroniadelmontsant.com\/es\/wp-json\/wp\/v2\/product\/5251\/revisions\/5252"}],"wp:featuredmedia":[{"embeddable":true,"href":"https:\/\/baroniadelmontsant.com\/es\/wp-json\/wp\/v2\/media\/5148"}],"wp:attachment":[{"href":"https:\/\/baroniadelmontsant.com\/es\/wp-json\/wp\/v2\/media?parent=5251"}],"wp:term":[{"taxonomy":"product_cat","embeddable":true,"href":"https:\/\/baroniadelmontsant.com\/es\/wp-json\/wp\/v2\/product_cat?post=5251"},{"taxonomy":"product_tag","embeddable":true,"href":"https:\/\/baroniadelmontsant.com\/es\/wp-json\/wp\/v2\/product_tag?post=5251"}],"curies":[{"name":"wp","href":"https:\/\/api.w.org\/{rel}","templated":true}]}}