{"id":6066,"date":"2023-10-04T19:21:46","date_gmt":"2023-10-04T19:21:48","guid":{"rendered":"https:\/\/baroniadelmontsant.com\/?post_type=product&#038;p=6066"},"modified":"2026-02-18T11:12:54","modified_gmt":"2026-02-18T11:12:54","slug":"pack-otono","status":"publish","type":"product","link":"https:\/\/baroniadelmontsant.com\/es\/packs-es\/pack-otono\/","title":{"rendered":"Pack de invierno"},"content":{"rendered":"\t\t<div data-elementor-type=\"product-post\" data-elementor-id=\"6066\" class=\"elementor elementor-6066 elementor-6065\" data-elementor-post-type=\"product\">\n\t\t\t\t\t\t<section class=\"elementor-section elementor-top-section elementor-element elementor-element-6923ca4a elementor-section-boxed elementor-section-height-default elementor-section-height-default\" data-id=\"6923ca4a\" data-element_type=\"section\">\n\t\t\t\t\t\t<div class=\"elementor-container elementor-column-gap-default\">\n\t\t\t\t\t<div class=\"elementor-column elementor-col-100 elementor-top-column elementor-element elementor-element-41d727d4\" data-id=\"41d727d4\" data-element_type=\"column\">\n\t\t\t<div class=\"elementor-widget-wrap elementor-element-populated\">\n\t\t\t\t\t\t<div class=\"elementor-element elementor-element-213c4caa elementor-widget elementor-widget-text-editor\" data-id=\"213c4caa\" data-element_type=\"widget\" data-widget_type=\"text-editor.default\">\n\t\t\t\t<div class=\"elementor-widget-container\">\n\t\t\t\t\t\t\t\t\t<p class=\"p1\">El invierno ya est\u00e1 aqu\u00ed y es por este motivo que desde Baronia del Montsant le proponemos una selecci\u00f3n de nuestros vinos, un vermut y una botella de aceite a un precio muy especial.<\/p>\n<p class=\"p1\">Un pack exclusivo pensado para disfrutar de buenos ratos ahora que empieza llegar el fr\u00edo as\u00ed como acompa\u00f1arle en momentos especiales con pareja, familia y amigos.<\/p>\n<p class=\"p1\">En el \u201c<strong>pack de invierno<\/strong>\u201d podr\u00e1 encontrar:<\/p>\n<ul class=\"ul1\">\n<li class=\"li1\"><span class=\"s1\"><a href=\"https:\/\/baroniadelmontsant.com\/es\/vinos-de-expresion\/flor-englora-seleccion\/\"><span class=\"s2\">**1 botella de Flor d&#8217;Englora selecci\u00f3n:<\/span><\/a><\/span> Es uno de nuestros vinos de corta crianza (5 meses) y por su etiqueta, el m\u00e1s oto\u00f1al. Cupaje de Garnacha nera y cari\u00f1ena. Destaca principalmente la fruta roja y fresca con unas ligeras notas de madera. 1 medalla de oro y m\u00e1s de 90 puntos Robert Parker y Gu\u00eda Pe\u00f1\u00edn.<\/li>\n<li class=\"li1\"><span class=\"s1\"><a href=\"https:\/\/baroniadelmontsant.com\/es\/vinos-de-autor\/clos-denglora-av14\/\"><span class=\"s2\">1 botella Clos d\u2019Enlglora AV14:<\/span><\/a><\/span> Uva procedente de nuestros vi\u00f1edos viejos&nbsp;\u201caged vineyards\u201d&nbsp;i&nbsp;14 son los meses&nbsp;de permanencia en barrica. Uno de nuestros vinos m\u00e1s premiados&nbsp;5 medallas de oro&nbsp;en concursos internacionales i&nbsp;+ de 90 puntos&nbsp;en las principales cr\u00edticas (Robert Parker, Wine Spectator, Guia Pe\u00f1in&#8230;).<\/li>\n<li class=\"li1\"><span class=\"s1\"><a href=\"https:\/\/baroniadelmontsant.com\/es\/vinos-de-autor\/englora-603-8\/\"><span class=\"s2\">1 botella de Englora 603.8:<\/span><\/a><\/span> Hme pretendido con este vino potenciar mucho la fruta de las variedades utilizadas y combinarlo con notas de madera procedentes de su crianza en barrica (10 meses).&nbsp;Garnacha tinta y cari\u00f1ena. medalla de oro y m\u00e1s de 90 puntos Robert Parker I Gu\u00eda Pe\u00f1\u00edn.<\/li>\n<li class=\"li1\"><span class=\"s1\"><a href=\"https:\/\/baroniadelmontsant.com\/es\/vinos-de-expresion\/cims\/\"><span class=\"s2\">1 botella de Cims:<\/span><\/a><\/span> uno de los vinos m\u00e1s premiados de la zona con 6 medallas de oro en concursos internacionales y m\u00e1s de 90 puntos en los principales prescriptores. Vino untuoso en el que destaca a partes iguales la fruta negra y roja as\u00ed como notas especiadas y bals\u00e1micas. 6 meses de crianza en barrica.<\/li>\n<li class=\"li1\"><span class=\"s1\"><a href=\"https:\/\/baroniadelmontsant.com\/es\/packs-es\/pack-verano\/#\"><span class=\"s2\">1 botella vermut Dos D\u00e9us negro:<\/span><\/a><\/span> se presenta con la imagen de la diosa Atenea, diosa de la sabidur\u00eda. Envejecido en botas centenarias del Priorat. Complejo y sofisticado. Premio al mejor vermut negro de Catalu\u00f1a de 2022.<\/li>\n<li class=\"li1\">1 botella de aceite ecol\u00f3gico Mallafr\u00e9: Este oro l\u00edquido es un coupage hecho de aceitunas ecol\u00f3gicas provenientes del Priorat, Montsant y Baix Camp. Elaborado sin temperatura, con un m\u00ednimo batido, filtrado y embotellado en una botella de cristal violeta que bloquea el espectro de la luz visible excepto la violeta, a fin de conservar todos los aromas y fragancias. 100% Arbequina.<\/li>\n<\/ul>\n<p class=\"p1\">Pack de edici\u00f3n limitada.&nbsp;<\/p>\t\t\t\t\t\t\t\t<\/div>\n\t\t\t\t<\/div>\n\t\t\t\t\t<\/div>\n\t\t<\/div>\n\t\t\t\t\t<\/div>\n\t\t<\/section>\n\t\t\t\t<\/div>\n\t\t","protected":false},"excerpt":{"rendered":"<p class=\"p1\">El invierno ya est\u00e1 aqu\u00ed y es por este motivo que desde Baronia del Montsant le proponemos una selecci\u00f3n de nuestros vinos, un vermut y una botella de aceite a un precio muy especial.<\/p>\n","protected":false},"featured_media":6070,"comment_status":"open","ping_status":"closed","template":"","meta":{"_acf_changed":false,"inline_featured_image":false},"product_cat":[76],"product_tag":[],"class_list":{"0":"post-6066","1":"product","2":"type-product","3":"status-publish","4":"has-post-thumbnail","6":"product_cat-packs-es","8":"first","9":"instock","10":"sale","11":"virtual","12":"taxable","13":"purchasable","14":"product-type-simple"},"acf":[],"_links":{"self":[{"href":"https:\/\/baroniadelmontsant.com\/es\/wp-json\/wp\/v2\/product\/6066","targetHints":{"allow":["GET"]}}],"collection":[{"href":"https:\/\/baroniadelmontsant.com\/es\/wp-json\/wp\/v2\/product"}],"about":[{"href":"https:\/\/baroniadelmontsant.com\/es\/wp-json\/wp\/v2\/types\/product"}],"replies":[{"embeddable":true,"href":"https:\/\/baroniadelmontsant.com\/es\/wp-json\/wp\/v2\/comments?post=6066"}],"version-history":[{"count":2,"href":"https:\/\/baroniadelmontsant.com\/es\/wp-json\/wp\/v2\/product\/6066\/revisions"}],"predecessor-version":[{"id":11764,"href":"https:\/\/baroniadelmontsant.com\/es\/wp-json\/wp\/v2\/product\/6066\/revisions\/11764"}],"wp:featuredmedia":[{"embeddable":true,"href":"https:\/\/baroniadelmontsant.com\/es\/wp-json\/wp\/v2\/media\/6070"}],"wp:attachment":[{"href":"https:\/\/baroniadelmontsant.com\/es\/wp-json\/wp\/v2\/media?parent=6066"}],"wp:term":[{"taxonomy":"product_cat","embeddable":true,"href":"https:\/\/baroniadelmontsant.com\/es\/wp-json\/wp\/v2\/product_cat?post=6066"},{"taxonomy":"product_tag","embeddable":true,"href":"https:\/\/baroniadelmontsant.com\/es\/wp-json\/wp\/v2\/product_tag?post=6066"}],"curies":[{"name":"wp","href":"https:\/\/api.w.org\/{rel}","templated":true}]}}