{"id":7167,"date":"2024-03-07T15:02:38","date_gmt":"2024-03-07T15:02:38","guid":{"rendered":"https:\/\/baroniadelmontsant.com\/?post_type=product&#038;p=7167"},"modified":"2026-03-11T09:25:35","modified_gmt":"2026-03-11T09:25:35","slug":"pack-de-invierno-copia","status":"publish","type":"product","link":"https:\/\/baroniadelmontsant.com\/es\/packs-es\/pack-de-invierno-copia\/","title":{"rendered":"Pack Primavera"},"content":{"rendered":"<p class=\"p1\">La primavera ya est\u00e1 aqu\u00ed y es por este motivo que desde Baronia del Montsant le proponemos una selecci\u00f3n de nuestros vinos m\u00e1s frescos y expresivos, ideales para disfrutar de los d\u00edas m\u00e1s largos y del buen tiempo. Un pack especial para dar la bienvenida a la nueva temporada a un precio muy especial. <\/p>\n<ul class=\"ul1\">\n<li class=\"li1\">1 botella de C\u00f2dols del Montsant: Un vino blanco fresco y elegante. En boca es equilibrado, afrutado, floral, agradable y con un largo y persistente final. <\/li>\n<li class=\"li1\">1 botella del <a href=\"https:\/\/baroniadelmontsant.com\/es\/vinos-magicos\/com-gat-i-gos-seleccion\/\">Com Gat i Gos Selecci\u00f3:<\/a> Un vino tinto m\u00e1gico, del que se han elaborado \u00fanica y exclusivamente 4434 botellas en botella borgo\u00f1esa, con 10 meses de crianza en barricas de roble de diferentes or\u00edgenes y tostados. Un vino fresco y goloso, donde destacan las notas a fresa, mora y especias.<\/li>\n<li class=\"li1\">1 botella de <a href=\"https:\/\/baroniadelmontsant.com\/es\/vinos-de-autor\/englora-603-8\/\">Englora 603.8<\/a>: Hemos pretendido con este vino potenciar mucho la fruta de las variedades utilizadas y combinarlo con notas de madera procedentes de su crianza en barrica (12 meses). Garnacha tinta y cari\u00f1ena. medalla de oro y m\u00e1s de 90 puntos Robert Parker I Gu\u00eda Pe\u00f1\u00edn.<\/li>\n<li class=\"li1\">1 botella de <span class=\"s2\"><a href=\"https:\/\/baroniadelmontsant.com\/es\/vinos-magicos\/el-peix-que-es-mossega-la-cua\/\">El Peix que es mossega la cua<\/a><\/span>: Un vino tinto mediterr\u00e1neo con car\u00e1cter, elaborado con Garnacha tinta, Sans\u00f3n y Syrah, y con 8 meses de crianza en barrica. Redondo y expresivo, combina fruta madura y notas especiadas. Galardonado con 3 medallas de plata en concursos internacionales.  <\/li>\n<li class=\"li1\"><span class=\"s2\">1 ampolla de vermut Dos D\u00e9us negre:<\/span> Es presenta amb la imatge de la deessa Atenea, deessa de la saviesa. Envejecido en botas centenarias del Priorat. Complejo y sofisticado. Premio al mejor vermut negro de 2023 y 2024 de Catalunya.<\/li>\n<li class=\"li1\">1 botella de vermut Dos D\u00e9us blanc: se presenta con la imagen de Posseid\u00f3, el D\u00e9u del mar. Fusi\u00f3n de aromas t\u00edpicos del Mediterr\u00e1neo.<\/li>\n<\/ul>\n","protected":false},"excerpt":{"rendered":"<p class=\"p1\">La primavera ya est\u00e1 aqu\u00ed y es por este motivo que desde Baronia del Montsant le proponemos una selecci\u00f3n de nuestros vinos m\u00e1s frescos y expresivos, ideales para disfrutar de los d\u00edas m\u00e1s largos y del buen tiempo. Un pack especial para dar la bienvenida a la nueva temporada a un precio muy especial. <\/p>\n","protected":false},"featured_media":11896,"comment_status":"open","ping_status":"closed","template":"","meta":{"_acf_changed":false,"inline_featured_image":false},"product_cat":[76],"product_tag":[],"class_list":{"0":"post-7167","1":"product","2":"type-product","3":"status-publish","4":"has-post-thumbnail","6":"product_cat-packs-es","8":"first","9":"instock","10":"sale","11":"taxable","12":"shipping-taxable","13":"purchasable","14":"product-type-simple"},"acf":[],"_links":{"self":[{"href":"https:\/\/baroniadelmontsant.com\/es\/wp-json\/wp\/v2\/product\/7167","targetHints":{"allow":["GET"]}}],"collection":[{"href":"https:\/\/baroniadelmontsant.com\/es\/wp-json\/wp\/v2\/product"}],"about":[{"href":"https:\/\/baroniadelmontsant.com\/es\/wp-json\/wp\/v2\/types\/product"}],"replies":[{"embeddable":true,"href":"https:\/\/baroniadelmontsant.com\/es\/wp-json\/wp\/v2\/comments?post=7167"}],"version-history":[{"count":2,"href":"https:\/\/baroniadelmontsant.com\/es\/wp-json\/wp\/v2\/product\/7167\/revisions"}],"predecessor-version":[{"id":11914,"href":"https:\/\/baroniadelmontsant.com\/es\/wp-json\/wp\/v2\/product\/7167\/revisions\/11914"}],"wp:featuredmedia":[{"embeddable":true,"href":"https:\/\/baroniadelmontsant.com\/es\/wp-json\/wp\/v2\/media\/11896"}],"wp:attachment":[{"href":"https:\/\/baroniadelmontsant.com\/es\/wp-json\/wp\/v2\/media?parent=7167"}],"wp:term":[{"taxonomy":"product_cat","embeddable":true,"href":"https:\/\/baroniadelmontsant.com\/es\/wp-json\/wp\/v2\/product_cat?post=7167"},{"taxonomy":"product_tag","embeddable":true,"href":"https:\/\/baroniadelmontsant.com\/es\/wp-json\/wp\/v2\/product_tag?post=7167"}],"curies":[{"name":"wp","href":"https:\/\/api.w.org\/{rel}","templated":true}]}}