{"id":7596,"date":"2024-05-24T08:22:08","date_gmt":"2024-05-24T08:22:08","guid":{"rendered":"https:\/\/baroniadelmontsant.com\/?post_type=product&#038;p=7596"},"modified":"2026-03-10T15:59:28","modified_gmt":"2026-03-10T15:59:28","slug":"la-gastronomica-copia","status":"publish","type":"product","link":"https:\/\/baroniadelmontsant.com\/es\/regala-enoturismo\/la-gastronomica-copia\/","title":{"rendered":"Tour Siurana Medieval"},"content":{"rendered":"","protected":false},"excerpt":{"rendered":"<p class=\"p1\">Vine a descobrir amb aquesta visita guiada* un dels pobles amb m\u00e9s encant del nostre territori; Siurana. \u00a1Catalogado entre los 10 pueblos m\u00e1s bonitos de Catalu\u00f1a!<\/p>\n<p class=\"p1\">Conoce la historia del pueblo de Siurana desde la reconquista cristiana en el s. XII por parte de Ramon Berenguer IV hasta la actualidad. Entenderemos c\u00f3mo era la vida de los sarracenos en el \u00faltimo reducto de al-\u00c1ndalus en Catalu\u00f1a y c\u00f3mo se vivi\u00f3 durante todo el proceso de cristianizaci\u00f3n en la edad media, y \u00e9pocas posteriores. Descubre c\u00f3mo ha ido evolucionando la vida en este lugar a lo largo de los siglos y hasta nuestros d\u00edas.   <\/p>\n<p class=\"p1\">Almuerzo en uno de los restaurantes con las vistas m\u00e1s privilegiadas de Catalu\u00f1a: &#8220;L&#8217;ac\u00e0cia&#8221; de Siurana.<\/p>\n<p class=\"p1\">Culminaremos la visita guiada a las Bodegas Baronia del Montsant, en Cornudella de Montsant, donde realizaremos una cata de 3 de nuestros mejores vinos. Vinos con variedades aut\u00f3ctonas y multitud de reconocimientos internacionales. Un vino blanco de crianza y 2 vinos tintos de crianza.  <\/p>\n<p class=\"p1\">A trav\u00e9s de esta amena, pero rigurosa visita guiada, comprenderemos c\u00f3mo se formaron estas espectaculares monta\u00f1as y qu\u00e9 relaci\u00f3n tiene el paisaje con la calidad de nuestros vinos. La mezcla perfecta entre historia y viticultura. <\/p>\n<p class=\"p1\">\u00bfPreparados para descubrir uno de los lugares m\u00e1s espectaculares de nuestro pa\u00eds? \u00a1Os esperamos! <\/p>\n<p class=\"p1\">*Es necesario veh\u00edculo propio. Las visitas ser\u00e1n en catal\u00e1n. En caso de que alg\u00fan participante solicite la visita en castellano se har\u00e1 biling\u00fce catal\u00e1n\/castellano, o, si el grupo no tiene inconveniente, se realizar\u00e1 en castellano.  <\/p>\n","protected":false},"featured_media":7604,"comment_status":"open","ping_status":"closed","template":"","meta":{"_acf_changed":false,"inline_featured_image":false},"product_cat":[58],"product_tag":[],"class_list":{"0":"post-7596","1":"product","2":"type-product","3":"status-publish","4":"has-post-thumbnail","6":"product_cat-regala-enoturismo","8":"first","9":"instock","10":"sale","11":"taxable","12":"shipping-taxable","13":"purchasable","14":"product-type-variable"},"acf":[],"_links":{"self":[{"href":"https:\/\/baroniadelmontsant.com\/es\/wp-json\/wp\/v2\/product\/7596","targetHints":{"allow":["GET"]}}],"collection":[{"href":"https:\/\/baroniadelmontsant.com\/es\/wp-json\/wp\/v2\/product"}],"about":[{"href":"https:\/\/baroniadelmontsant.com\/es\/wp-json\/wp\/v2\/types\/product"}],"replies":[{"embeddable":true,"href":"https:\/\/baroniadelmontsant.com\/es\/wp-json\/wp\/v2\/comments?post=7596"}],"version-history":[{"count":2,"href":"https:\/\/baroniadelmontsant.com\/es\/wp-json\/wp\/v2\/product\/7596\/revisions"}],"predecessor-version":[{"id":11078,"href":"https:\/\/baroniadelmontsant.com\/es\/wp-json\/wp\/v2\/product\/7596\/revisions\/11078"}],"wp:featuredmedia":[{"embeddable":true,"href":"https:\/\/baroniadelmontsant.com\/es\/wp-json\/wp\/v2\/media\/7604"}],"wp:attachment":[{"href":"https:\/\/baroniadelmontsant.com\/es\/wp-json\/wp\/v2\/media?parent=7596"}],"wp:term":[{"taxonomy":"product_cat","embeddable":true,"href":"https:\/\/baroniadelmontsant.com\/es\/wp-json\/wp\/v2\/product_cat?post=7596"},{"taxonomy":"product_tag","embeddable":true,"href":"https:\/\/baroniadelmontsant.com\/es\/wp-json\/wp\/v2\/product_tag?post=7596"}],"curies":[{"name":"wp","href":"https:\/\/api.w.org\/{rel}","templated":true}]}}